{"id":6571,"date":"2026-03-18T14:43:40","date_gmt":"2026-03-18T13:43:40","guid":{"rendered":"https:\/\/dev.rosabelle-lingerie.ch\/?post_type=product&#038;p=6571"},"modified":"2026-03-18T14:43:40","modified_gmt":"2026-03-18T13:43:40","slug":"une-piece-rosa-faia-mabela","status":"publish","type":"product","link":"https:\/\/dev.rosabelle-lingerie.ch\/?product=une-piece-rosa-faia-mabela","title":{"rendered":"Une pi\u00e8ce Rosa Faia Mabela"},"content":{"rendered":"<p>Une pi\u00e8ce avec une coque int\u00e9rieure dissimulante. L\u2019encolure en V est bord\u00e9e d\u2019un galon, et les d\u00e9coupes au niveau des jambes affinent la silhouette. Ce maillot de bain offre un look flatteur pour la silhouette.<\/p>\n","protected":false},"excerpt":{"rendered":"<p>Une pi\u00e8ce avec une coque int\u00e9rieure dissimulante. L\u2019encolure en V est bord\u00e9e d\u2019un galon, et les d\u00e9coupes au niveau des jambes affinent la silhouette. Ce maillot de bain offre un look flatteur pour la silhouette.<\/p>\n","protected":false},"featured_media":6573,"comment_status":"open","ping_status":"closed","template":"","meta":[],"product_brand":[],"product_cat":[20,185,394],"product_tag":[554],"class_list":{"0":"post-6571","1":"product","2":"type-product","3":"status-publish","4":"has-post-thumbnail","6":"product_cat-maillot-bain","7":"product_cat-mode-fashion","8":"product_cat-nouveautes","9":"product_tag-554","10":"pa_sizes-42c","11":"pa_sizes-44c","12":"pa_sizes-46c","13":"pa_sizes-48c","14":"latest_post","16":"first","17":"instock","18":"shipping-taxable","19":"purchasable","20":"product-type-variable"},"_links":{"self":[{"href":"https:\/\/dev.rosabelle-lingerie.ch\/index.php?rest_route=\/wp\/v2\/product\/6571","targetHints":{"allow":["GET"]}}],"collection":[{"href":"https:\/\/dev.rosabelle-lingerie.ch\/index.php?rest_route=\/wp\/v2\/product"}],"about":[{"href":"https:\/\/dev.rosabelle-lingerie.ch\/index.php?rest_route=\/wp\/v2\/types\/product"}],"replies":[{"embeddable":true,"href":"https:\/\/dev.rosabelle-lingerie.ch\/index.php?rest_route=%2Fwp%2Fv2%2Fcomments&post=6571"}],"wp:featuredmedia":[{"embeddable":true,"href":"https:\/\/dev.rosabelle-lingerie.ch\/index.php?rest_route=\/wp\/v2\/media\/6573"}],"wp:attachment":[{"href":"https:\/\/dev.rosabelle-lingerie.ch\/index.php?rest_route=%2Fwp%2Fv2%2Fmedia&parent=6571"}],"wp:term":[{"taxonomy":"product_brand","embeddable":true,"href":"https:\/\/dev.rosabelle-lingerie.ch\/index.php?rest_route=%2Fwp%2Fv2%2Fproduct_brand&post=6571"},{"taxonomy":"product_cat","embeddable":true,"href":"https:\/\/dev.rosabelle-lingerie.ch\/index.php?rest_route=%2Fwp%2Fv2%2Fproduct_cat&post=6571"},{"taxonomy":"product_tag","embeddable":true,"href":"https:\/\/dev.rosabelle-lingerie.ch\/index.php?rest_route=%2Fwp%2Fv2%2Fproduct_tag&post=6571"}],"curies":[{"name":"wp","href":"https:\/\/api.w.org\/{rel}","templated":true}]}}