{"id":6522,"date":"2026-01-24T14:13:36","date_gmt":"2026-01-24T13:13:36","guid":{"rendered":"https:\/\/dev.rosabelle-lingerie.ch\/?post_type=product&#038;p=6522"},"modified":"2026-03-28T14:34:10","modified_gmt":"2026-03-28T13:34:10","slug":"brassiere-a-coques-souples","status":"publish","type":"product","link":"https:\/\/dev.rosabelle-lingerie.ch\/?product=brassiere-a-coques-souples","title":{"rendered":"Brassi\u00e8re \u00e0 coques souples"},"content":{"rendered":"<div class=\"pl-2\">\n<ul class=\"text-size-body-sm list-disc\" aria-labelledby=\"selling-points\">\n<li><span dir=\"auto\">soutien-gorge Anita depuis 1886<\/span><\/li>\n<li><span dir=\"auto\">m\u00e9lange de polyamide \u00e9lastique<\/span><\/li>\n<li><span dir=\"auto\">Renfort au niveau des \u00e9paules gr\u00e2ce \u00e0 de larges bretelles<\/span><\/li>\n<li><span dir=\"auto\">Aucune couture sur la peau<\/span><\/li>\n<li><span dir=\"auto\">Tasses moul\u00e9es<\/span><\/li>\n<\/ul>\n<\/div>\n<div class=\"text-size-body-sm\"><span dir=\"auto\">Soutien-gorge en dentelle Essentials, pr\u00e9form\u00e9 avec coques amovibles<\/span><\/div>\n","protected":false},"excerpt":{"rendered":"<div class=\"pl-2\">\n<ul class=\"text-size-body-sm list-disc\" aria-labelledby=\"selling-points\">\n<li><span dir=\"auto\">Renfort au niveau des \u00e9paules gr\u00e2ce \u00e0 de larges bretelles<\/span><\/li>\n<li><span dir=\"auto\">Aucune couture sur la peau<\/span><\/li>\n<li>Soutien-gorge en dentelle Essentials, pr\u00e9form\u00e9 avec coques amovibles<\/li>\n<\/ul>\n<\/div>\n","protected":false},"featured_media":6523,"comment_status":"open","ping_status":"closed","template":"","meta":[],"product_brand":[],"product_cat":[22,18,209],"product_tag":[510],"class_list":{"0":"post-6522","1":"product","2":"type-product","3":"status-publish","4":"has-post-thumbnail","6":"product_cat-lingerie-de-nuit","7":"product_cat-lingerie-fine","8":"product_cat-nouveautes-de-printemps","9":"product_tag-510","10":"pa_color-mother-of-pearl","11":"pa_color-black","12":"pa_color-pink","13":"pa_sizes-extra-large","14":"pa_sizes-large","15":"pa_sizes-medium","16":"pa_sizes-small","17":"latest_post","19":"first","20":"outofstock","21":"shipping-taxable","22":"purchasable","23":"product-type-variable"},"_links":{"self":[{"href":"https:\/\/dev.rosabelle-lingerie.ch\/index.php?rest_route=\/wp\/v2\/product\/6522","targetHints":{"allow":["GET"]}}],"collection":[{"href":"https:\/\/dev.rosabelle-lingerie.ch\/index.php?rest_route=\/wp\/v2\/product"}],"about":[{"href":"https:\/\/dev.rosabelle-lingerie.ch\/index.php?rest_route=\/wp\/v2\/types\/product"}],"replies":[{"embeddable":true,"href":"https:\/\/dev.rosabelle-lingerie.ch\/index.php?rest_route=%2Fwp%2Fv2%2Fcomments&post=6522"}],"wp:featuredmedia":[{"embeddable":true,"href":"https:\/\/dev.rosabelle-lingerie.ch\/index.php?rest_route=\/wp\/v2\/media\/6523"}],"wp:attachment":[{"href":"https:\/\/dev.rosabelle-lingerie.ch\/index.php?rest_route=%2Fwp%2Fv2%2Fmedia&parent=6522"}],"wp:term":[{"taxonomy":"product_brand","embeddable":true,"href":"https:\/\/dev.rosabelle-lingerie.ch\/index.php?rest_route=%2Fwp%2Fv2%2Fproduct_brand&post=6522"},{"taxonomy":"product_cat","embeddable":true,"href":"https:\/\/dev.rosabelle-lingerie.ch\/index.php?rest_route=%2Fwp%2Fv2%2Fproduct_cat&post=6522"},{"taxonomy":"product_tag","embeddable":true,"href":"https:\/\/dev.rosabelle-lingerie.ch\/index.php?rest_route=%2Fwp%2Fv2%2Fproduct_tag&post=6522"}],"curies":[{"name":"wp","href":"https:\/\/api.w.org\/{rel}","templated":true}]}}