{"id":6422,"date":"2025-10-11T13:19:02","date_gmt":"2025-10-11T11:19:02","guid":{"rendered":"https:\/\/dev.rosabelle-lingerie.ch\/?post_type=product&#038;p=6422"},"modified":"2025-10-11T13:19:02","modified_gmt":"2025-10-11T11:19:02","slug":"soutien-gorge-primadonna-deauville-amethiste","status":"publish","type":"product","link":"https:\/\/dev.rosabelle-lingerie.ch\/?product=soutien-gorge-primadonna-deauville-amethiste","title":{"rendered":"Soutien-gorge PrimaDonna, Deauville Am\u00e9thiste"},"content":{"rendered":"<ul class=\"inner_product_description\">\n<li>Armatures<\/li>\n<li>Maille lisse brod\u00e9e<\/li>\n<li>Bonnets enveloppants construits en 4 parties<\/li>\n<li>Doublure en maille douce et rigide \u00e0 la base pour un maintien parfait<\/li>\n<li>Doublure en tulle rigide sur les c\u00f4t\u00e9s pour une poitrine recentr\u00e9e<\/li>\n<li>Armatures r\u00e9sistantes et souples int\u00e9gr\u00e9es sous un tissu brevet\u00e9 3 \u00e9paisseurs<\/li>\n<li>Bande \u00e9lastiqu\u00e9e sur le haut pour une parfaite adaptation \u00e0 la poitrine<\/li>\n<li>D\u00e9collet\u00e9 naturel sans volume suppl\u00e9mentaire<\/li>\n<li>Petits n\u0153uds \u00e0 l&rsquo;entre-bonnets et en d\u00e9parts bretelles<\/li>\n<li>Petit bijou \u00e0 l&rsquo;avant<\/li>\n<li>Dos chemin\u00e9e pour un meilleur maintien<\/li>\n<li>Larges bretelles extensibles et r\u00e9glables orn\u00e9es de broderie<\/li>\n<\/ul>\n<p>&nbsp;<\/p>\n","protected":false},"excerpt":{"rendered":"<p>\u00c0 propos de Deauville : Le look intemporel de cette ligne saura conqu\u00e9rir les femmes \u00e0 la recherche de confort au quotidien. Bien que classique, la marque a su renouveler Deauville au fil des saisons en d\u00e9clinant la collection dans des palettes de couleurs tr\u00e8s mode.<\/p>\n","protected":false},"featured_media":6425,"comment_status":"open","ping_status":"closed","template":"","meta":[],"product_brand":[],"product_cat":[18,185,416,394],"product_tag":[540],"class_list":{"0":"post-6422","1":"product","2":"type-product","3":"status-publish","4":"has-post-thumbnail","6":"product_cat-lingerie-fine","7":"product_cat-mode-fashion","8":"product_cat-nouveaute-automne-hiver","9":"product_cat-nouveautes","10":"product_tag-540","11":"pa_sizes-80e","12":"pa_sizes-80f","13":"pa_sizes-85d","14":"pa_sizes-90c","15":"latest_post","17":"first","18":"instock","19":"shipping-taxable","20":"purchasable","21":"product-type-variable"},"_links":{"self":[{"href":"https:\/\/dev.rosabelle-lingerie.ch\/index.php?rest_route=\/wp\/v2\/product\/6422","targetHints":{"allow":["GET"]}}],"collection":[{"href":"https:\/\/dev.rosabelle-lingerie.ch\/index.php?rest_route=\/wp\/v2\/product"}],"about":[{"href":"https:\/\/dev.rosabelle-lingerie.ch\/index.php?rest_route=\/wp\/v2\/types\/product"}],"replies":[{"embeddable":true,"href":"https:\/\/dev.rosabelle-lingerie.ch\/index.php?rest_route=%2Fwp%2Fv2%2Fcomments&post=6422"}],"wp:featuredmedia":[{"embeddable":true,"href":"https:\/\/dev.rosabelle-lingerie.ch\/index.php?rest_route=\/wp\/v2\/media\/6425"}],"wp:attachment":[{"href":"https:\/\/dev.rosabelle-lingerie.ch\/index.php?rest_route=%2Fwp%2Fv2%2Fmedia&parent=6422"}],"wp:term":[{"taxonomy":"product_brand","embeddable":true,"href":"https:\/\/dev.rosabelle-lingerie.ch\/index.php?rest_route=%2Fwp%2Fv2%2Fproduct_brand&post=6422"},{"taxonomy":"product_cat","embeddable":true,"href":"https:\/\/dev.rosabelle-lingerie.ch\/index.php?rest_route=%2Fwp%2Fv2%2Fproduct_cat&post=6422"},{"taxonomy":"product_tag","embeddable":true,"href":"https:\/\/dev.rosabelle-lingerie.ch\/index.php?rest_route=%2Fwp%2Fv2%2Fproduct_tag&post=6422"}],"curies":[{"name":"wp","href":"https:\/\/api.w.org\/{rel}","templated":true}]}}