{"id":6398,"date":"2025-10-11T12:28:24","date_gmt":"2025-10-11T10:28:24","guid":{"rendered":"https:\/\/dev.rosabelle-lingerie.ch\/?post_type=product&#038;p=6398"},"modified":"2025-10-11T12:36:42","modified_gmt":"2025-10-11T10:36:42","slug":"chemise-de-nuit-manche-longue","status":"publish","type":"product","link":"https:\/\/dev.rosabelle-lingerie.ch\/?product=chemise-de-nuit-manche-longue","title":{"rendered":"CHEMISE DE NUIT MANCHES LONGUES"},"content":{"rendered":"<div class=\"product_accordion_header\">Chaleur douillette et douceur exquise \u2013 pour des nuits pleines de confort<\/div>\n<ul class=\"highlight-list\">\n<li>100 % coton en interlock gratt\u00e9 \u2013 ultra doux &amp; bien chaud<\/li>\n<li>respirant &amp; naturellement agr\u00e9able \u2013 pour un sommeil en toute s\u00e9r\u00e9nit\u00e9<\/li>\n<li>coupes classiques &amp; confortables \u2013 pour plus de libert\u00e9 et de d\u00e9tente<\/li>\n<\/ul>\n","protected":false},"excerpt":{"rendered":"<ul class=\"highlight-list\">\n<li>100 % coton en interlock gratt\u00e9 \u2013 ultra doux &amp; bien chaud<\/li>\n<li>respirant &amp; naturellement agr\u00e9able \u2013 pour un sommeil en toute s\u00e9r\u00e9nit\u00e9<\/li>\n<li>coupes classiques &amp; confortables \u2013 pour plus de libert\u00e9 et de d\u00e9tente<\/li>\n<\/ul>\n","protected":false},"featured_media":6402,"comment_status":"open","ping_status":"closed","template":"","meta":[],"product_brand":[530],"product_cat":[22,185,416,394],"product_tag":[537],"class_list":{"0":"post-6398","1":"product","2":"type-product","3":"status-publish","4":"has-post-thumbnail","6":"product_brand-calida","7":"product_cat-lingerie-de-nuit","8":"product_cat-mode-fashion","9":"product_cat-nouveaute-automne-hiver","10":"product_cat-nouveautes","11":"product_tag-537","12":"pa_sizes-s-40-42","13":"pa_sizes-xs-36-38-2","14":"latest_post","16":"first","17":"instock","18":"shipping-taxable","19":"purchasable","20":"product-type-variable"},"_links":{"self":[{"href":"https:\/\/dev.rosabelle-lingerie.ch\/index.php?rest_route=\/wp\/v2\/product\/6398","targetHints":{"allow":["GET"]}}],"collection":[{"href":"https:\/\/dev.rosabelle-lingerie.ch\/index.php?rest_route=\/wp\/v2\/product"}],"about":[{"href":"https:\/\/dev.rosabelle-lingerie.ch\/index.php?rest_route=\/wp\/v2\/types\/product"}],"replies":[{"embeddable":true,"href":"https:\/\/dev.rosabelle-lingerie.ch\/index.php?rest_route=%2Fwp%2Fv2%2Fcomments&post=6398"}],"wp:featuredmedia":[{"embeddable":true,"href":"https:\/\/dev.rosabelle-lingerie.ch\/index.php?rest_route=\/wp\/v2\/media\/6402"}],"wp:attachment":[{"href":"https:\/\/dev.rosabelle-lingerie.ch\/index.php?rest_route=%2Fwp%2Fv2%2Fmedia&parent=6398"}],"wp:term":[{"taxonomy":"product_brand","embeddable":true,"href":"https:\/\/dev.rosabelle-lingerie.ch\/index.php?rest_route=%2Fwp%2Fv2%2Fproduct_brand&post=6398"},{"taxonomy":"product_cat","embeddable":true,"href":"https:\/\/dev.rosabelle-lingerie.ch\/index.php?rest_route=%2Fwp%2Fv2%2Fproduct_cat&post=6398"},{"taxonomy":"product_tag","embeddable":true,"href":"https:\/\/dev.rosabelle-lingerie.ch\/index.php?rest_route=%2Fwp%2Fv2%2Fproduct_tag&post=6398"}],"curies":[{"name":"wp","href":"https:\/\/api.w.org\/{rel}","templated":true}]}}