{"id":6361,"date":"2025-10-09T16:27:34","date_gmt":"2025-10-09T14:27:34","guid":{"rendered":"https:\/\/dev.rosabelle-lingerie.ch\/?post_type=product&#038;p=6361"},"modified":"2025-10-09T16:30:28","modified_gmt":"2025-10-09T14:30:28","slug":"pyjama-en-coton","status":"publish","type":"product","link":"https:\/\/dev.rosabelle-lingerie.ch\/?product=pyjama-en-coton","title":{"rendered":"Pyjama en coton"},"content":{"rendered":"<div class=\"product_accordion_header\">R\u00eaver comme dans les Alpes en qualit\u00e9 100% coton naturel<\/div>\n<ul class=\"highlight-list\">\n<li>Doux pour la peau &amp; respirant &#8211; pour un climat de sommeil naturellement \u00e9quilibr\u00e9<\/li>\n<li>coupe confortable avec libert\u00e9 de mouvement pour un sommeil r\u00e9parateur<\/li>\n<li>facile \u00e0 entretenir &amp; durable &#8211; reste doux et en forme m\u00eame apr\u00e8s de nombreux lavages<\/li>\n<li>avec l&rsquo;amour du d\u00e9tail : les motifs suisses en imprim\u00e9 allover apportent des accents charmants<\/li>\n<\/ul>\n","protected":false},"excerpt":{"rendered":"<p>Pyjama 100 % coton<\/p>\n<ul class=\"highlight-list\">\n<li>Doux pour la peau &amp; respirant &#8211; pour un climat de sommeil naturellement \u00e9quilibr\u00e9<\/li>\n<li>coupe confortable avec libert\u00e9 de mouvement pour un sommeil r\u00e9parateur<\/li>\n<\/ul>\n<p>&nbsp;<\/p>\n","protected":false},"featured_media":6363,"comment_status":"open","ping_status":"closed","template":"","meta":[],"product_brand":[530],"product_cat":[41,22,42,416,394],"product_tag":[532],"class_list":{"0":"post-6361","1":"product","2":"type-product","3":"status-publish","4":"has-post-thumbnail","6":"product_brand-calida","7":"product_cat-lingerie","8":"product_cat-lingerie-de-nuit","9":"product_cat-medical","10":"product_cat-nouveaute-automne-hiver","11":"product_cat-nouveautes","12":"product_tag-532","13":"pa_sizes-l-46-48","14":"pa_sizes-m-42-44","15":"pa_sizes-s-40-42","16":"latest_post","18":"first","19":"instock","20":"shipping-taxable","21":"purchasable","22":"product-type-variable"},"_links":{"self":[{"href":"https:\/\/dev.rosabelle-lingerie.ch\/index.php?rest_route=\/wp\/v2\/product\/6361","targetHints":{"allow":["GET"]}}],"collection":[{"href":"https:\/\/dev.rosabelle-lingerie.ch\/index.php?rest_route=\/wp\/v2\/product"}],"about":[{"href":"https:\/\/dev.rosabelle-lingerie.ch\/index.php?rest_route=\/wp\/v2\/types\/product"}],"replies":[{"embeddable":true,"href":"https:\/\/dev.rosabelle-lingerie.ch\/index.php?rest_route=%2Fwp%2Fv2%2Fcomments&post=6361"}],"wp:featuredmedia":[{"embeddable":true,"href":"https:\/\/dev.rosabelle-lingerie.ch\/index.php?rest_route=\/wp\/v2\/media\/6363"}],"wp:attachment":[{"href":"https:\/\/dev.rosabelle-lingerie.ch\/index.php?rest_route=%2Fwp%2Fv2%2Fmedia&parent=6361"}],"wp:term":[{"taxonomy":"product_brand","embeddable":true,"href":"https:\/\/dev.rosabelle-lingerie.ch\/index.php?rest_route=%2Fwp%2Fv2%2Fproduct_brand&post=6361"},{"taxonomy":"product_cat","embeddable":true,"href":"https:\/\/dev.rosabelle-lingerie.ch\/index.php?rest_route=%2Fwp%2Fv2%2Fproduct_cat&post=6361"},{"taxonomy":"product_tag","embeddable":true,"href":"https:\/\/dev.rosabelle-lingerie.ch\/index.php?rest_route=%2Fwp%2Fv2%2Fproduct_tag&post=6361"}],"curies":[{"name":"wp","href":"https:\/\/api.w.org\/{rel}","templated":true}]}}