{"id":6324,"date":"2025-07-05T14:34:29","date_gmt":"2025-07-05T12:34:29","guid":{"rendered":"https:\/\/dev.rosabelle-lingerie.ch\/?post_type=product&#038;p=6324"},"modified":"2025-10-11T13:02:38","modified_gmt":"2025-10-11T11:02:38","slug":"amoena-linda","status":"publish","type":"product","link":"https:\/\/dev.rosabelle-lingerie.ch\/?product=amoena-linda","title":{"rendered":"Amoena, Linda"},"content":{"rendered":"<p>Technologie de collage innovante, combin\u00e9e au mouvement, ce qui donne un l\u00e9ger effet de massage. Bretelles larges pour plus de confort. Coupe plus haute sur les c\u00f4t\u00e9s et le dos pour plus de soutien et de confort. Coupe haute et fermeture du dos rembourr\u00e9e pour une bonne couvrance. Sans couture et sans armature.<\/p>\n","protected":false},"excerpt":{"rendered":"<p>Technologie de collage innovante, combin\u00e9e au mouvement, ce qui donne un l\u00e9ger effet de massage. Bretelles larges pour plus de confort. Coupe plus haute sur les c\u00f4t\u00e9s et le dos pour plus de soutien et de confort. Coupe haute et fermeture du dos rembourr\u00e9e pour une bonne couvrance. Sans couture et sans armature.<\/p>\n","protected":false},"featured_media":6325,"comment_status":"open","ping_status":"closed","template":"","meta":[],"product_brand":[],"product_cat":[18,42,394,209],"product_tag":[529],"class_list":{"0":"post-6324","1":"product","2":"type-product","3":"status-publish","4":"has-post-thumbnail","6":"product_cat-lingerie-fine","7":"product_cat-medical","8":"product_cat-nouveautes","9":"product_cat-nouveautes-de-printemps","10":"product_tag-529","11":"pa_color-indigo","12":"pa_color-pink-2","13":"pa_color-sable","14":"latest_post","16":"first","17":"onbackorder","18":"shipping-taxable","19":"purchasable","20":"product-type-variable"},"_links":{"self":[{"href":"https:\/\/dev.rosabelle-lingerie.ch\/index.php?rest_route=\/wp\/v2\/product\/6324","targetHints":{"allow":["GET"]}}],"collection":[{"href":"https:\/\/dev.rosabelle-lingerie.ch\/index.php?rest_route=\/wp\/v2\/product"}],"about":[{"href":"https:\/\/dev.rosabelle-lingerie.ch\/index.php?rest_route=\/wp\/v2\/types\/product"}],"replies":[{"embeddable":true,"href":"https:\/\/dev.rosabelle-lingerie.ch\/index.php?rest_route=%2Fwp%2Fv2%2Fcomments&post=6324"}],"wp:featuredmedia":[{"embeddable":true,"href":"https:\/\/dev.rosabelle-lingerie.ch\/index.php?rest_route=\/wp\/v2\/media\/6325"}],"wp:attachment":[{"href":"https:\/\/dev.rosabelle-lingerie.ch\/index.php?rest_route=%2Fwp%2Fv2%2Fmedia&parent=6324"}],"wp:term":[{"taxonomy":"product_brand","embeddable":true,"href":"https:\/\/dev.rosabelle-lingerie.ch\/index.php?rest_route=%2Fwp%2Fv2%2Fproduct_brand&post=6324"},{"taxonomy":"product_cat","embeddable":true,"href":"https:\/\/dev.rosabelle-lingerie.ch\/index.php?rest_route=%2Fwp%2Fv2%2Fproduct_cat&post=6324"},{"taxonomy":"product_tag","embeddable":true,"href":"https:\/\/dev.rosabelle-lingerie.ch\/index.php?rest_route=%2Fwp%2Fv2%2Fproduct_tag&post=6324"}],"curies":[{"name":"wp","href":"https:\/\/api.w.org\/{rel}","templated":true}]}}