{"id":6300,"date":"2025-06-09T17:33:46","date_gmt":"2025-06-09T15:33:46","guid":{"rendered":"https:\/\/dev.rosabelle-lingerie.ch\/?post_type=product&#038;p=6300"},"modified":"2026-03-18T14:22:03","modified_gmt":"2026-03-18T13:22:03","slug":"maillot-de-bain-rosa-faia-style-jada","status":"publish","type":"product","link":"https:\/\/dev.rosabelle-lingerie.ch\/?product=maillot-de-bain-rosa-faia-style-jada","title":{"rendered":"Maillot de bain Rosa Faia, style Jada"},"content":{"rendered":"<p>Le maillot de bain JADA style minimaliste des ann\u00e9es 90. Le dos plongeant et \u00e9chancrure des jambes donnent \u00e0 ce maillot de bain une pi\u00e8ce une touche moderne.<\/p>\n","protected":false},"excerpt":{"rendered":"<p>Le maillot de bain JADA style minimaliste des ann\u00e9es 90. Le dos plongeant et \u00e9chancrure des jambes donnent \u00e0 ce maillot de bain une pi\u00e8ce une touche moderne.<\/p>\n","protected":false},"featured_media":6304,"comment_status":"open","ping_status":"closed","template":"","meta":[],"product_brand":[],"product_cat":[20,185,209],"product_tag":[526],"class_list":{"0":"post-6300","1":"product","2":"type-product","3":"status-publish","4":"has-post-thumbnail","6":"product_cat-maillot-bain","7":"product_cat-mode-fashion","8":"product_cat-nouveautes-de-printemps","9":"product_tag-526","10":"pa_sizes-111","11":"pa_sizes-113","12":"pa_sizes-115","13":"latest_post","15":"first","16":"instock","17":"shipping-taxable","18":"purchasable","19":"product-type-variable"},"_links":{"self":[{"href":"https:\/\/dev.rosabelle-lingerie.ch\/index.php?rest_route=\/wp\/v2\/product\/6300","targetHints":{"allow":["GET"]}}],"collection":[{"href":"https:\/\/dev.rosabelle-lingerie.ch\/index.php?rest_route=\/wp\/v2\/product"}],"about":[{"href":"https:\/\/dev.rosabelle-lingerie.ch\/index.php?rest_route=\/wp\/v2\/types\/product"}],"replies":[{"embeddable":true,"href":"https:\/\/dev.rosabelle-lingerie.ch\/index.php?rest_route=%2Fwp%2Fv2%2Fcomments&post=6300"}],"wp:featuredmedia":[{"embeddable":true,"href":"https:\/\/dev.rosabelle-lingerie.ch\/index.php?rest_route=\/wp\/v2\/media\/6304"}],"wp:attachment":[{"href":"https:\/\/dev.rosabelle-lingerie.ch\/index.php?rest_route=%2Fwp%2Fv2%2Fmedia&parent=6300"}],"wp:term":[{"taxonomy":"product_brand","embeddable":true,"href":"https:\/\/dev.rosabelle-lingerie.ch\/index.php?rest_route=%2Fwp%2Fv2%2Fproduct_brand&post=6300"},{"taxonomy":"product_cat","embeddable":true,"href":"https:\/\/dev.rosabelle-lingerie.ch\/index.php?rest_route=%2Fwp%2Fv2%2Fproduct_cat&post=6300"},{"taxonomy":"product_tag","embeddable":true,"href":"https:\/\/dev.rosabelle-lingerie.ch\/index.php?rest_route=%2Fwp%2Fv2%2Fproduct_tag&post=6300"}],"curies":[{"name":"wp","href":"https:\/\/api.w.org\/{rel}","templated":true}]}}