{"id":6298,"date":"2025-06-09T17:09:43","date_gmt":"2025-06-09T15:09:43","guid":{"rendered":"https:\/\/dev.rosabelle-lingerie.ch\/?post_type=product&#038;p=6298"},"modified":"2025-06-13T09:48:36","modified_gmt":"2025-06-13T07:48:36","slug":"bikini-ysabel-mora-vert-fonce","status":"publish","type":"product","link":"https:\/\/dev.rosabelle-lingerie.ch\/?product=bikini-ysabel-mora-vert-fonce","title":{"rendered":"Bikini vert p\u00e9trole"},"content":{"rendered":"<p>Bikini avec coques \u00e0 armatures vert d&rsquo;eau. Bretelles r\u00e9glables et culotte r\u00e9glable sur les hanches. Bonnet C. Tissu textur\u00e9 micropiqu\u00e9.<\/p>\n","protected":false},"excerpt":{"rendered":"<p>Bikini avec haut \u00e0 coques. A armatures vert uni. Bretelles r\u00e9glables et culotte r\u00e9glable sur les hanches. Bonnet C. Tissu textur\u00e9 micropiqu\u00e9.<\/p>\n","protected":false},"featured_media":6273,"comment_status":"open","ping_status":"closed","template":"","meta":[],"product_brand":[],"product_cat":[20,185,209],"product_tag":[525],"class_list":{"0":"post-6298","1":"product","2":"type-product","3":"status-publish","4":"has-post-thumbnail","6":"product_cat-maillot-bain","7":"product_cat-mode-fashion","8":"product_cat-nouveautes-de-printemps","9":"product_tag-525","10":"pa_sizes-112","11":"pa_sizes-114","12":"pa_sizes-115","13":"latest_post","15":"first","16":"instock","17":"shipping-taxable","18":"purchasable","19":"product-type-variable"},"_links":{"self":[{"href":"https:\/\/dev.rosabelle-lingerie.ch\/index.php?rest_route=\/wp\/v2\/product\/6298","targetHints":{"allow":["GET"]}}],"collection":[{"href":"https:\/\/dev.rosabelle-lingerie.ch\/index.php?rest_route=\/wp\/v2\/product"}],"about":[{"href":"https:\/\/dev.rosabelle-lingerie.ch\/index.php?rest_route=\/wp\/v2\/types\/product"}],"replies":[{"embeddable":true,"href":"https:\/\/dev.rosabelle-lingerie.ch\/index.php?rest_route=%2Fwp%2Fv2%2Fcomments&post=6298"}],"wp:featuredmedia":[{"embeddable":true,"href":"https:\/\/dev.rosabelle-lingerie.ch\/index.php?rest_route=\/wp\/v2\/media\/6273"}],"wp:attachment":[{"href":"https:\/\/dev.rosabelle-lingerie.ch\/index.php?rest_route=%2Fwp%2Fv2%2Fmedia&parent=6298"}],"wp:term":[{"taxonomy":"product_brand","embeddable":true,"href":"https:\/\/dev.rosabelle-lingerie.ch\/index.php?rest_route=%2Fwp%2Fv2%2Fproduct_brand&post=6298"},{"taxonomy":"product_cat","embeddable":true,"href":"https:\/\/dev.rosabelle-lingerie.ch\/index.php?rest_route=%2Fwp%2Fv2%2Fproduct_cat&post=6298"},{"taxonomy":"product_tag","embeddable":true,"href":"https:\/\/dev.rosabelle-lingerie.ch\/index.php?rest_route=%2Fwp%2Fv2%2Fproduct_tag&post=6298"}],"curies":[{"name":"wp","href":"https:\/\/api.w.org\/{rel}","templated":true}]}}