{"id":6283,"date":"2025-06-09T17:02:27","date_gmt":"2025-06-09T15:02:27","guid":{"rendered":"https:\/\/dev.rosabelle-lingerie.ch\/?post_type=product&#038;p=6283"},"modified":"2025-09-10T10:09:56","modified_gmt":"2025-09-10T08:09:56","slug":"maillot-de-bain-anita-style-merritt","status":"publish","type":"product","link":"https:\/\/dev.rosabelle-lingerie.ch\/?product=maillot-de-bain-anita-style-merritt","title":{"rendered":"Maillot de bain Anita, style merritt"},"content":{"rendered":"<p>Le maillot de bain Merritt s\u00e9duit par son aspect unique, empreint de glamour. Dot\u00e9 de bretelles doubles et d&rsquo;un dos tr\u00e8s plongeant, il offre un confort sans pareil. Doublure au niveau de la poitrine. Sans armature et bretelles r\u00e9glables.<\/p>\n","protected":false},"excerpt":{"rendered":"<p>Le maillot de bain Merritt s\u00e9duit par son aspect unique, empreint de glamour. Dot\u00e9 de bretelles doubles et d&rsquo;un dos tr\u00e8s plongeant, il offre un confort sans pareil. Doublure au niveau de la poitrine. Sans armature et bretelles r\u00e9glables.<\/p>\n","protected":false},"featured_media":6287,"comment_status":"open","ping_status":"closed","template":"","meta":[],"product_brand":[],"product_cat":[185],"product_tag":[524],"class_list":{"0":"post-6283","1":"product","2":"type-product","3":"status-publish","4":"has-post-thumbnail","6":"product_cat-mode-fashion","7":"product_tag-524","8":"pa_sizes-36b","9":"latest_post","11":"first","12":"instock","13":"shipping-taxable","14":"purchasable","15":"product-type-variable"},"_links":{"self":[{"href":"https:\/\/dev.rosabelle-lingerie.ch\/index.php?rest_route=\/wp\/v2\/product\/6283","targetHints":{"allow":["GET"]}}],"collection":[{"href":"https:\/\/dev.rosabelle-lingerie.ch\/index.php?rest_route=\/wp\/v2\/product"}],"about":[{"href":"https:\/\/dev.rosabelle-lingerie.ch\/index.php?rest_route=\/wp\/v2\/types\/product"}],"replies":[{"embeddable":true,"href":"https:\/\/dev.rosabelle-lingerie.ch\/index.php?rest_route=%2Fwp%2Fv2%2Fcomments&post=6283"}],"wp:featuredmedia":[{"embeddable":true,"href":"https:\/\/dev.rosabelle-lingerie.ch\/index.php?rest_route=\/wp\/v2\/media\/6287"}],"wp:attachment":[{"href":"https:\/\/dev.rosabelle-lingerie.ch\/index.php?rest_route=%2Fwp%2Fv2%2Fmedia&parent=6283"}],"wp:term":[{"taxonomy":"product_brand","embeddable":true,"href":"https:\/\/dev.rosabelle-lingerie.ch\/index.php?rest_route=%2Fwp%2Fv2%2Fproduct_brand&post=6283"},{"taxonomy":"product_cat","embeddable":true,"href":"https:\/\/dev.rosabelle-lingerie.ch\/index.php?rest_route=%2Fwp%2Fv2%2Fproduct_cat&post=6283"},{"taxonomy":"product_tag","embeddable":true,"href":"https:\/\/dev.rosabelle-lingerie.ch\/index.php?rest_route=%2Fwp%2Fv2%2Fproduct_tag&post=6283"}],"curies":[{"name":"wp","href":"https:\/\/api.w.org\/{rel}","templated":true}]}}