{"id":6260,"date":"2025-06-06T16:02:27","date_gmt":"2025-06-06T14:02:27","guid":{"rendered":"https:\/\/dev.rosabelle-lingerie.ch\/?post_type=product&#038;p=6260"},"modified":"2025-06-06T17:21:53","modified_gmt":"2025-06-06T15:21:53","slug":"bikini-ysabel-mora-pique-noir","status":"publish","type":"product","link":"https:\/\/dev.rosabelle-lingerie.ch\/?product=bikini-ysabel-mora-pique-noir","title":{"rendered":"Bikini Ysabel Mora, piqu\u00e9 noir"},"content":{"rendered":"<p>Bikini texture piqu\u00e9 \u00e0 larges bretelles noires, con\u00e7u pour vous offrir confort et style \u00e0 tout moment. Bonnet C. Avec armature et remplissage. Bretelles r\u00e9glables, support maximal.<\/p>\n","protected":false},"excerpt":{"rendered":"<p>Bikini texture piqu\u00e9 \u00e0 larges bretelles noires, con\u00e7u pour vous offrir confort et style \u00e0 tout moment. Bonnet C. Avec armature et remplissage. Bretelles r\u00e9glables, support maximal.<\/p>\n","protected":false},"featured_media":6264,"comment_status":"open","ping_status":"closed","template":"","meta":[],"product_brand":[],"product_cat":[20,185,209],"product_tag":[516],"class_list":{"0":"post-6260","1":"product","2":"type-product","3":"status-publish","4":"has-post-thumbnail","6":"product_cat-maillot-bain","7":"product_cat-mode-fashion","8":"product_cat-nouveautes-de-printemps","9":"product_tag-516","10":"pa_sizes-113","11":"pa_sizes-115","12":"latest_post","14":"first","15":"instock","16":"shipping-taxable","17":"purchasable","18":"product-type-variable"},"_links":{"self":[{"href":"https:\/\/dev.rosabelle-lingerie.ch\/index.php?rest_route=\/wp\/v2\/product\/6260","targetHints":{"allow":["GET"]}}],"collection":[{"href":"https:\/\/dev.rosabelle-lingerie.ch\/index.php?rest_route=\/wp\/v2\/product"}],"about":[{"href":"https:\/\/dev.rosabelle-lingerie.ch\/index.php?rest_route=\/wp\/v2\/types\/product"}],"replies":[{"embeddable":true,"href":"https:\/\/dev.rosabelle-lingerie.ch\/index.php?rest_route=%2Fwp%2Fv2%2Fcomments&post=6260"}],"wp:featuredmedia":[{"embeddable":true,"href":"https:\/\/dev.rosabelle-lingerie.ch\/index.php?rest_route=\/wp\/v2\/media\/6264"}],"wp:attachment":[{"href":"https:\/\/dev.rosabelle-lingerie.ch\/index.php?rest_route=%2Fwp%2Fv2%2Fmedia&parent=6260"}],"wp:term":[{"taxonomy":"product_brand","embeddable":true,"href":"https:\/\/dev.rosabelle-lingerie.ch\/index.php?rest_route=%2Fwp%2Fv2%2Fproduct_brand&post=6260"},{"taxonomy":"product_cat","embeddable":true,"href":"https:\/\/dev.rosabelle-lingerie.ch\/index.php?rest_route=%2Fwp%2Fv2%2Fproduct_cat&post=6260"},{"taxonomy":"product_tag","embeddable":true,"href":"https:\/\/dev.rosabelle-lingerie.ch\/index.php?rest_route=%2Fwp%2Fv2%2Fproduct_tag&post=6260"}],"curies":[{"name":"wp","href":"https:\/\/api.w.org\/{rel}","templated":true}]}}