{"id":6246,"date":"2025-06-06T15:22:21","date_gmt":"2025-06-06T13:22:21","guid":{"rendered":"https:\/\/dev.rosabelle-lingerie.ch\/?post_type=product&#038;p=6246"},"modified":"2025-09-10T10:13:05","modified_gmt":"2025-09-10T08:13:05","slug":"maillot-de-bain-ysabel-mora-imprime-tropical","status":"publish","type":"product","link":"https:\/\/dev.rosabelle-lingerie.ch\/?product=maillot-de-bain-ysabel-mora-imprime-tropical","title":{"rendered":"Maillot de bain Ysabel Mora, imprim\u00e9 tropical"},"content":{"rendered":"<p>Ajoutez une touche de sophistication \u00e0 votre collection de maillots de bain avec ce\u00a0maillot de bain galbant \u00e0 imprim\u00e9 tropica<strong>l<\/strong>. Son design flatteur et son effet galbant vous aideront \u00e0 mettre en valeur votre silhouette, tandis que son imprim\u00e9 apportera fra\u00eecheur et style \u00e0 votre look estival. Id\u00e9al pour une utilisation \u00e0 la plage ou \u00e0 la piscine, ce maillot de bain allie confort et \u00e9l\u00e9gance. Sans armature, d\u00e9collet\u00e9 en V et bretelles multi-positions.<\/p>\n","protected":false},"excerpt":{"rendered":"<p>Ce maillot de bain allie confort et \u00e9l\u00e9gance. Sans armature, d\u00e9collet\u00e9 en V et bretelles multi-positions.<\/p>\n","protected":false},"featured_media":6247,"comment_status":"open","ping_status":"closed","template":"","meta":[],"product_brand":[],"product_cat":[20,185,209],"product_tag":[513],"class_list":{"0":"post-6246","1":"product","2":"type-product","3":"status-publish","4":"has-post-thumbnail","6":"product_cat-maillot-bain","7":"product_cat-mode-fashion","8":"product_cat-nouveautes-de-printemps","9":"product_tag-513","10":"pa_sizes-113","11":"pa_sizes-115","12":"latest_post","14":"first","15":"instock","16":"shipping-taxable","17":"purchasable","18":"product-type-variable"},"_links":{"self":[{"href":"https:\/\/dev.rosabelle-lingerie.ch\/index.php?rest_route=\/wp\/v2\/product\/6246","targetHints":{"allow":["GET"]}}],"collection":[{"href":"https:\/\/dev.rosabelle-lingerie.ch\/index.php?rest_route=\/wp\/v2\/product"}],"about":[{"href":"https:\/\/dev.rosabelle-lingerie.ch\/index.php?rest_route=\/wp\/v2\/types\/product"}],"replies":[{"embeddable":true,"href":"https:\/\/dev.rosabelle-lingerie.ch\/index.php?rest_route=%2Fwp%2Fv2%2Fcomments&post=6246"}],"wp:featuredmedia":[{"embeddable":true,"href":"https:\/\/dev.rosabelle-lingerie.ch\/index.php?rest_route=\/wp\/v2\/media\/6247"}],"wp:attachment":[{"href":"https:\/\/dev.rosabelle-lingerie.ch\/index.php?rest_route=%2Fwp%2Fv2%2Fmedia&parent=6246"}],"wp:term":[{"taxonomy":"product_brand","embeddable":true,"href":"https:\/\/dev.rosabelle-lingerie.ch\/index.php?rest_route=%2Fwp%2Fv2%2Fproduct_brand&post=6246"},{"taxonomy":"product_cat","embeddable":true,"href":"https:\/\/dev.rosabelle-lingerie.ch\/index.php?rest_route=%2Fwp%2Fv2%2Fproduct_cat&post=6246"},{"taxonomy":"product_tag","embeddable":true,"href":"https:\/\/dev.rosabelle-lingerie.ch\/index.php?rest_route=%2Fwp%2Fv2%2Fproduct_tag&post=6246"}],"curies":[{"name":"wp","href":"https:\/\/api.w.org\/{rel}","templated":true}]}}