{"id":6240,"date":"2025-06-04T17:44:48","date_gmt":"2025-06-04T15:44:48","guid":{"rendered":"https:\/\/dev.rosabelle-lingerie.ch\/?post_type=product&#038;p=6240"},"modified":"2025-09-10T10:12:42","modified_gmt":"2025-09-10T08:12:42","slug":"maillot-de-bain-ysabel-mora-imprimes-tropicaux","status":"publish","type":"product","link":"https:\/\/dev.rosabelle-lingerie.ch\/?product=maillot-de-bain-ysabel-mora-imprimes-tropicaux","title":{"rendered":"Maillot de bain Ysabel Mora, imprim\u00e9s tropicaux"},"content":{"rendered":"<p>Maillot de bain gainant en micropiqu\u00e9 vert avec d\u00e9tails imprim\u00e9s tropicaux. Sans armature avec remplissage, style classique avec encolure en V et style de culotte classique.<\/p>\n","protected":false},"excerpt":{"rendered":"<p>Maillot de bain gainant en micropiqu\u00e9 vert avec d\u00e9tails imprim\u00e9s tropicaux.<\/p>\n","protected":false},"featured_media":6241,"comment_status":"open","ping_status":"closed","template":"","meta":[],"product_brand":[],"product_cat":[20,185,394,209],"product_tag":[512],"class_list":{"0":"post-6240","1":"product","2":"type-product","3":"status-publish","4":"has-post-thumbnail","6":"product_cat-maillot-bain","7":"product_cat-mode-fashion","8":"product_cat-nouveautes","9":"product_cat-nouveautes-de-printemps","10":"product_tag-512","11":"pa_sizes-114","12":"latest_post","14":"first","15":"instock","16":"shipping-taxable","17":"purchasable","18":"product-type-variable"},"_links":{"self":[{"href":"https:\/\/dev.rosabelle-lingerie.ch\/index.php?rest_route=\/wp\/v2\/product\/6240","targetHints":{"allow":["GET"]}}],"collection":[{"href":"https:\/\/dev.rosabelle-lingerie.ch\/index.php?rest_route=\/wp\/v2\/product"}],"about":[{"href":"https:\/\/dev.rosabelle-lingerie.ch\/index.php?rest_route=\/wp\/v2\/types\/product"}],"replies":[{"embeddable":true,"href":"https:\/\/dev.rosabelle-lingerie.ch\/index.php?rest_route=%2Fwp%2Fv2%2Fcomments&post=6240"}],"wp:featuredmedia":[{"embeddable":true,"href":"https:\/\/dev.rosabelle-lingerie.ch\/index.php?rest_route=\/wp\/v2\/media\/6241"}],"wp:attachment":[{"href":"https:\/\/dev.rosabelle-lingerie.ch\/index.php?rest_route=%2Fwp%2Fv2%2Fmedia&parent=6240"}],"wp:term":[{"taxonomy":"product_brand","embeddable":true,"href":"https:\/\/dev.rosabelle-lingerie.ch\/index.php?rest_route=%2Fwp%2Fv2%2Fproduct_brand&post=6240"},{"taxonomy":"product_cat","embeddable":true,"href":"https:\/\/dev.rosabelle-lingerie.ch\/index.php?rest_route=%2Fwp%2Fv2%2Fproduct_cat&post=6240"},{"taxonomy":"product_tag","embeddable":true,"href":"https:\/\/dev.rosabelle-lingerie.ch\/index.php?rest_route=%2Fwp%2Fv2%2Fproduct_tag&post=6240"}],"curies":[{"name":"wp","href":"https:\/\/api.w.org\/{rel}","templated":true}]}}