{"id":6184,"date":"2025-06-03T11:33:15","date_gmt":"2025-06-03T09:33:15","guid":{"rendered":"https:\/\/dev.rosabelle-lingerie.ch\/?post_type=product&#038;p=6184"},"modified":"2025-10-11T13:06:34","modified_gmt":"2025-10-11T11:06:34","slug":"maillot-de-bain-citrons","status":"publish","type":"product","link":"https:\/\/dev.rosabelle-lingerie.ch\/?product=maillot-de-bain-citrons","title":{"rendered":"Maillot de bain citrons"},"content":{"rendered":"<p>Maillot de bain Rosa Faia avec motifs citrons, sans armature. Bretelles r\u00e9glables et ajustement sur les hanches. Enti\u00e8rement doubl\u00e9. Tr\u00e8s frais et agr\u00e9able au porter.<\/p>\n","protected":false},"excerpt":{"rendered":"<p>Maillot de bain\u00a0 avec motifs citrons, sans armature. Bretelles r\u00e9glables et ajustement sur les hanches. Enti\u00e8rement doubl\u00e9.<\/p>\n","protected":false},"featured_media":6189,"comment_status":"open","ping_status":"closed","template":"","meta":[],"product_brand":[],"product_cat":[20,185,394,209],"product_tag":[505],"class_list":{"0":"post-6184","1":"product","2":"type-product","3":"status-publish","4":"has-post-thumbnail","6":"product_cat-maillot-bain","7":"product_cat-mode-fashion","8":"product_cat-nouveautes","9":"product_cat-nouveautes-de-printemps","10":"product_tag-505","11":"pa_sizes-111","12":"latest_post","14":"first","15":"instock","16":"shipping-taxable","17":"purchasable","18":"product-type-variable"},"_links":{"self":[{"href":"https:\/\/dev.rosabelle-lingerie.ch\/index.php?rest_route=\/wp\/v2\/product\/6184","targetHints":{"allow":["GET"]}}],"collection":[{"href":"https:\/\/dev.rosabelle-lingerie.ch\/index.php?rest_route=\/wp\/v2\/product"}],"about":[{"href":"https:\/\/dev.rosabelle-lingerie.ch\/index.php?rest_route=\/wp\/v2\/types\/product"}],"replies":[{"embeddable":true,"href":"https:\/\/dev.rosabelle-lingerie.ch\/index.php?rest_route=%2Fwp%2Fv2%2Fcomments&post=6184"}],"wp:featuredmedia":[{"embeddable":true,"href":"https:\/\/dev.rosabelle-lingerie.ch\/index.php?rest_route=\/wp\/v2\/media\/6189"}],"wp:attachment":[{"href":"https:\/\/dev.rosabelle-lingerie.ch\/index.php?rest_route=%2Fwp%2Fv2%2Fmedia&parent=6184"}],"wp:term":[{"taxonomy":"product_brand","embeddable":true,"href":"https:\/\/dev.rosabelle-lingerie.ch\/index.php?rest_route=%2Fwp%2Fv2%2Fproduct_brand&post=6184"},{"taxonomy":"product_cat","embeddable":true,"href":"https:\/\/dev.rosabelle-lingerie.ch\/index.php?rest_route=%2Fwp%2Fv2%2Fproduct_cat&post=6184"},{"taxonomy":"product_tag","embeddable":true,"href":"https:\/\/dev.rosabelle-lingerie.ch\/index.php?rest_route=%2Fwp%2Fv2%2Fproduct_tag&post=6184"}],"curies":[{"name":"wp","href":"https:\/\/api.w.org\/{rel}","templated":true}]}}