{"id":6034,"date":"2025-02-22T13:09:28","date_gmt":"2025-02-22T12:09:28","guid":{"rendered":"https:\/\/dev.rosabelle-lingerie.ch\/?post_type=product&#038;p=6034"},"modified":"2026-01-26T17:01:54","modified_gmt":"2026-01-26T16:01:54","slug":"soutien-gorge-medical-lisa","status":"publish","type":"product","link":"https:\/\/dev.rosabelle-lingerie.ch\/?product=soutien-gorge-medical-lisa","title":{"rendered":"Soutien-gorge m\u00e9dical Lisa"},"content":{"rendered":"<h1 class=\"text-2xl mt-6 md:mt-10 md:text-4xl title-font clear-right leading-9\">LISA &#8211; Soutien-gorge pour proth\u00e8ses<\/h1>\n<div><small class=\"text-xs lg:leading-4 text-anita-gray-light\">Article Number 5726X<\/small><\/div>\n<div class=\"hidden md:block\">\n<div class=\"mb-4 mt-5 product-description prose text-base leading-5 tracking-wide font-muli\">Tissu jacquard en fil microfibre moelleux, telle est la caract\u00e9ristique incomparable de ce soutien-gorge pour proth\u00e8ses baptis\u00e9 LISA. Sa mati\u00e8re est particuli\u00e8rement respirante et \u00e9vacue bien l&rsquo;humidit\u00e9 corporelle. Ses poches pour proth\u00e8ses et ses bonnets pr\u00e9form\u00e9s et sans coutures assurent un confort \u00e9lev\u00e9.<\/div>\n<\/div>\n","protected":false},"excerpt":{"rendered":"<div><\/div>\n<div class=\"hidden md:block\">\n<div class=\"mb-4 mt-5 product-description prose text-base leading-5 tracking-wide font-muli\">Tissu jacquard en fil microfibre moelleux, telle est la caract\u00e9ristique incomparable de ce soutien-gorge pour proth\u00e8ses baptis\u00e9 LISA. Sa mati\u00e8re est particuli\u00e8rement respirante et \u00e9vacue bien l&rsquo;humidit\u00e9 corporelle. Ses poches pour proth\u00e8ses et ses bonnets pr\u00e9form\u00e9s et sans coutures assurent un confort \u00e9lev\u00e9.<\/div>\n<\/div>\n","protected":false},"featured_media":6036,"comment_status":"open","ping_status":"closed","template":"","meta":[],"product_brand":[],"product_cat":[41,18,42,19,394,209,21],"product_tag":[489],"class_list":{"0":"post-6034","1":"product","2":"type-product","3":"status-publish","4":"has-post-thumbnail","6":"product_cat-lingerie","7":"product_cat-lingerie-fine","8":"product_cat-medical","9":"product_cat-lingerie-medicale","10":"product_cat-nouveautes","11":"product_cat-nouveautes-de-printemps","12":"product_cat-prothese-de-sein","13":"product_tag-489","14":"pa_color-white","15":"pa_color-gris","16":"pa_color-black","17":"pa_color-skin","18":"pa_color-pink","19":"pa_cups-100b","20":"pa_cups-100c","21":"pa_cups-70-d","22":"pa_cups-70b","23":"pa_cups-75-d","24":"pa_cups-75a","25":"pa_cups-75b","26":"pa_cups-75c","27":"pa_cups-75d","28":"pa_cups-75e","29":"pa_cups-75f","30":"pa_cups-80-c","31":"pa_cups-80-d","32":"pa_cups-80-e","33":"pa_cups-80a","34":"pa_cups-80b","35":"pa_cups-85-c","36":"pa_cups-85-d","37":"pa_cups-85a","38":"pa_cups-85b","39":"pa_cups-85e","40":"pa_cups-90-c","41":"pa_cups-90-d","42":"pa_cups-90-g","43":"pa_cups-90b","44":"pa_cups-90e","45":"pa_cups-95-c","46":"pa_cups-95a","47":"pa_cups-95b","48":"pa_cups-95d","49":"pa_cups-a","50":"pa_cups-b","51":"pa_cups-c","52":"pa_cups-d","53":"latest_post","55":"first","56":"instock","57":"shipping-taxable","58":"purchasable","59":"product-type-variable"},"_links":{"self":[{"href":"https:\/\/dev.rosabelle-lingerie.ch\/index.php?rest_route=\/wp\/v2\/product\/6034","targetHints":{"allow":["GET"]}}],"collection":[{"href":"https:\/\/dev.rosabelle-lingerie.ch\/index.php?rest_route=\/wp\/v2\/product"}],"about":[{"href":"https:\/\/dev.rosabelle-lingerie.ch\/index.php?rest_route=\/wp\/v2\/types\/product"}],"replies":[{"embeddable":true,"href":"https:\/\/dev.rosabelle-lingerie.ch\/index.php?rest_route=%2Fwp%2Fv2%2Fcomments&post=6034"}],"wp:featuredmedia":[{"embeddable":true,"href":"https:\/\/dev.rosabelle-lingerie.ch\/index.php?rest_route=\/wp\/v2\/media\/6036"}],"wp:attachment":[{"href":"https:\/\/dev.rosabelle-lingerie.ch\/index.php?rest_route=%2Fwp%2Fv2%2Fmedia&parent=6034"}],"wp:term":[{"taxonomy":"product_brand","embeddable":true,"href":"https:\/\/dev.rosabelle-lingerie.ch\/index.php?rest_route=%2Fwp%2Fv2%2Fproduct_brand&post=6034"},{"taxonomy":"product_cat","embeddable":true,"href":"https:\/\/dev.rosabelle-lingerie.ch\/index.php?rest_route=%2Fwp%2Fv2%2Fproduct_cat&post=6034"},{"taxonomy":"product_tag","embeddable":true,"href":"https:\/\/dev.rosabelle-lingerie.ch\/index.php?rest_route=%2Fwp%2Fv2%2Fproduct_tag&post=6034"}],"curies":[{"name":"wp","href":"https:\/\/api.w.org\/{rel}","templated":true}]}}