{"id":5964,"date":"2025-02-22T12:30:22","date_gmt":"2025-02-22T11:30:22","guid":{"rendered":"https:\/\/dev.rosabelle-lingerie.ch\/?post_type=product&#038;p=5964"},"modified":"2025-02-22T12:48:14","modified_gmt":"2025-02-22T11:48:14","slug":"soutien-gorge-rosa-faia-bobette","status":"publish","type":"product","link":"https:\/\/dev.rosabelle-lingerie.ch\/?product=soutien-gorge-rosa-faia-bobette","title":{"rendered":"Soutien-gorge Rosa Faia Bobette"},"content":{"rendered":"<h1 class=\"text-2xl mt-6 md:mt-10 md:text-4xl title-font clear-right leading-9\">BOBETTE\u00a0: soutien-gorge \u00e0 armatures<\/h1>\n<div><\/div>\n<div class=\"hidden md:block\">\n<div class=\"mb-4 mt-5 product-description prose text-base leading-5 tracking-wide font-muli\">Le soutien-gorge \u00e0 armatures Bobette est confectionn\u00e9 en douce dentelle \u00e9lastique. Il comporte un bonnet divis\u00e9 en trois sections, est renforc\u00e9 de tulle d\u00e9licat, poss\u00e8de une bande de d\u00e9collet\u00e9 douce ainsi que des parties inf\u00e9rieures de bonnets et des garnitures en dentelle all-over. Le bijou de cet \u00e9l\u00e9gant soutien-gorge est son petit n\u0153ud orn\u00e9 d&rsquo;une pampille.<\/div>\n<\/div>\n","protected":false},"excerpt":{"rendered":"<h1 class=\"text-2xl mt-6 md:mt-10 md:text-4xl title-font clear-right leading-9\"><\/h1>\n<div class=\"hidden md:block\">\n<div class=\"mb-4 mt-5 product-description prose text-base leading-5 tracking-wide font-muli\">Le soutien-gorge \u00e0 armatures Bobette est confectionn\u00e9 en douce dentelle \u00e9lastique. Il comporte un bonnet divis\u00e9 en trois sections, est renforc\u00e9 de tulle d\u00e9licat, poss\u00e8de une bande de d\u00e9collet\u00e9 douce ainsi que des parties inf\u00e9rieures de bonnets et des garnitures en dentelle all-over. Le bijou de cet \u00e9l\u00e9gant soutien-gorge est son petit n\u0153ud orn\u00e9 d&rsquo;une pampille.<\/div>\n<\/div>\n","protected":false},"featured_media":6030,"comment_status":"open","ping_status":"closed","template":"","meta":[],"product_brand":[],"product_cat":[41,394,209],"product_tag":[502],"class_list":{"0":"post-5964","1":"product","2":"type-product","3":"status-publish","4":"has-post-thumbnail","6":"product_cat-lingerie","7":"product_cat-nouveautes","8":"product_cat-nouveautes-de-printemps","9":"product_tag-502","10":"pa_color-marine","11":"pa_color-black","12":"pa_cups-100b","13":"pa_cups-70-d","14":"pa_cups-75-d","15":"pa_cups-75b","16":"pa_cups-75c","17":"pa_cups-75d","18":"pa_cups-75e","19":"pa_cups-75f","20":"pa_cups-80-c","21":"pa_cups-80-d","22":"pa_cups-80-e","23":"pa_cups-80a","24":"pa_cups-80b","25":"pa_cups-85-c","26":"pa_cups-85-d","27":"pa_cups-85a","28":"pa_cups-85b","29":"pa_cups-85e","30":"pa_cups-90-c","31":"pa_cups-90-d","32":"pa_cups-90-g","33":"pa_cups-90b","34":"pa_cups-90e","35":"pa_cups-95-c","36":"pa_cups-95a","37":"pa_cups-95b","38":"pa_cups-95d","39":"latest_post","41":"first","42":"instock","43":"shipping-taxable","44":"purchasable","45":"product-type-variable"},"_links":{"self":[{"href":"https:\/\/dev.rosabelle-lingerie.ch\/index.php?rest_route=\/wp\/v2\/product\/5964","targetHints":{"allow":["GET"]}}],"collection":[{"href":"https:\/\/dev.rosabelle-lingerie.ch\/index.php?rest_route=\/wp\/v2\/product"}],"about":[{"href":"https:\/\/dev.rosabelle-lingerie.ch\/index.php?rest_route=\/wp\/v2\/types\/product"}],"replies":[{"embeddable":true,"href":"https:\/\/dev.rosabelle-lingerie.ch\/index.php?rest_route=%2Fwp%2Fv2%2Fcomments&post=5964"}],"wp:featuredmedia":[{"embeddable":true,"href":"https:\/\/dev.rosabelle-lingerie.ch\/index.php?rest_route=\/wp\/v2\/media\/6030"}],"wp:attachment":[{"href":"https:\/\/dev.rosabelle-lingerie.ch\/index.php?rest_route=%2Fwp%2Fv2%2Fmedia&parent=5964"}],"wp:term":[{"taxonomy":"product_brand","embeddable":true,"href":"https:\/\/dev.rosabelle-lingerie.ch\/index.php?rest_route=%2Fwp%2Fv2%2Fproduct_brand&post=5964"},{"taxonomy":"product_cat","embeddable":true,"href":"https:\/\/dev.rosabelle-lingerie.ch\/index.php?rest_route=%2Fwp%2Fv2%2Fproduct_cat&post=5964"},{"taxonomy":"product_tag","embeddable":true,"href":"https:\/\/dev.rosabelle-lingerie.ch\/index.php?rest_route=%2Fwp%2Fv2%2Fproduct_tag&post=5964"}],"curies":[{"name":"wp","href":"https:\/\/api.w.org\/{rel}","templated":true}]}}