{"id":5855,"date":"2024-08-22T17:37:20","date_gmt":"2024-08-22T15:37:20","guid":{"rendered":"https:\/\/dev.rosabelle-lingerie.ch\/?post_type=product&#038;p=5855"},"modified":"2025-10-11T15:17:21","modified_gmt":"2025-10-11T13:17:21","slug":"soutien-gorge-sita","status":"publish","type":"product","link":"https:\/\/dev.rosabelle-lingerie.ch\/?product=soutien-gorge-sita","title":{"rendered":"Soutien-gorge SITA"},"content":{"rendered":"<p>La lingerie dentelle a le vent en poupe &#8230; tr\u00e8s joli mod\u00e8le de Rosa Faia en dentelle souple. Se d\u00e9cline en noir et en nacre.<\/p>\n","protected":false},"excerpt":{"rendered":"<p>Mod\u00e8le de Rosa Faia en dentelle souple. Bretelles r\u00e9glables avec armatures.<\/p>\n","protected":false},"featured_media":5856,"comment_status":"open","ping_status":"closed","template":"","meta":[],"product_brand":[],"product_cat":[41,18,394],"product_tag":[500],"class_list":{"0":"post-5855","1":"product","2":"type-product","3":"status-publish","4":"has-post-thumbnail","6":"product_cat-lingerie","7":"product_cat-lingerie-fine","8":"product_cat-nouveautes","9":"product_tag-500","10":"pa_color-mother-of-pearl","11":"pa_color-black","12":"pa_sizes-80c","13":"pa_sizes-85b","14":"pa_sizes-85c","15":"pa_sizes-85d","16":"pa_sizes-90b","17":"pa_sizes-90c","18":"pa_sizes-90d","19":"pa_sizes-95b","20":"pa_sizes-95d","21":"latest_post","23":"first","24":"instock","25":"featured","26":"shipping-taxable","27":"purchasable","28":"product-type-variable"},"_links":{"self":[{"href":"https:\/\/dev.rosabelle-lingerie.ch\/index.php?rest_route=\/wp\/v2\/product\/5855","targetHints":{"allow":["GET"]}}],"collection":[{"href":"https:\/\/dev.rosabelle-lingerie.ch\/index.php?rest_route=\/wp\/v2\/product"}],"about":[{"href":"https:\/\/dev.rosabelle-lingerie.ch\/index.php?rest_route=\/wp\/v2\/types\/product"}],"replies":[{"embeddable":true,"href":"https:\/\/dev.rosabelle-lingerie.ch\/index.php?rest_route=%2Fwp%2Fv2%2Fcomments&post=5855"}],"wp:featuredmedia":[{"embeddable":true,"href":"https:\/\/dev.rosabelle-lingerie.ch\/index.php?rest_route=\/wp\/v2\/media\/5856"}],"wp:attachment":[{"href":"https:\/\/dev.rosabelle-lingerie.ch\/index.php?rest_route=%2Fwp%2Fv2%2Fmedia&parent=5855"}],"wp:term":[{"taxonomy":"product_brand","embeddable":true,"href":"https:\/\/dev.rosabelle-lingerie.ch\/index.php?rest_route=%2Fwp%2Fv2%2Fproduct_brand&post=5855"},{"taxonomy":"product_cat","embeddable":true,"href":"https:\/\/dev.rosabelle-lingerie.ch\/index.php?rest_route=%2Fwp%2Fv2%2Fproduct_cat&post=5855"},{"taxonomy":"product_tag","embeddable":true,"href":"https:\/\/dev.rosabelle-lingerie.ch\/index.php?rest_route=%2Fwp%2Fv2%2Fproduct_tag&post=5855"}],"curies":[{"name":"wp","href":"https:\/\/api.w.org\/{rel}","templated":true}]}}