{"id":5557,"date":"2023-12-04T16:58:45","date_gmt":"2023-12-04T15:58:45","guid":{"rendered":"https:\/\/dev.rosabelle-lingerie.ch\/?post_type=product&#038;p=5557"},"modified":"2023-12-04T16:58:45","modified_gmt":"2023-12-04T15:58:45","slug":"panty-ysabel-mora","status":"publish","type":"product","link":"https:\/\/dev.rosabelle-lingerie.ch\/?product=panty-ysabel-mora","title":{"rendered":"Panty Ysabel Mora"},"content":{"rendered":"<p>Slip midi en coton avec une finition d\u00e9coup\u00e9e au laser. L&rsquo;absence de bordures et de coutures le rend invisible sous les v\u00eatements moulants. La d\u00e9coupe laser offre une finition compl\u00e8tement plate qui offre une grande adaptabilit\u00e9. Tissu \u00e9lastique tr\u00e8s doux et anti-allerg\u00e8ne.<\/p>\n<p><b>Composition :<\/b>\u00a080% Coton, 20% \u00c9lasthanne<\/p>\n","protected":false},"excerpt":{"rendered":"<p>Slip midi en coton avec une finition d\u00e9coup\u00e9e au laser. Invisible sous les v\u00eatements.<\/p>\n","protected":false},"featured_media":5558,"comment_status":"open","ping_status":"closed","template":"","meta":[],"product_brand":[],"product_cat":[41],"product_tag":[483],"class_list":{"0":"post-5557","1":"product","2":"type-product","3":"status-publish","4":"has-post-thumbnail","6":"product_cat-lingerie","7":"product_tag-483","8":"pa_color-white","9":"pa_color-black","10":"pa_sizes-m","11":"pa_sizes-s","12":"pa_sizes-xl","13":"latest_post","15":"first","16":"instock","17":"shipping-taxable","18":"purchasable","19":"product-type-variable"},"_links":{"self":[{"href":"https:\/\/dev.rosabelle-lingerie.ch\/index.php?rest_route=\/wp\/v2\/product\/5557","targetHints":{"allow":["GET"]}}],"collection":[{"href":"https:\/\/dev.rosabelle-lingerie.ch\/index.php?rest_route=\/wp\/v2\/product"}],"about":[{"href":"https:\/\/dev.rosabelle-lingerie.ch\/index.php?rest_route=\/wp\/v2\/types\/product"}],"replies":[{"embeddable":true,"href":"https:\/\/dev.rosabelle-lingerie.ch\/index.php?rest_route=%2Fwp%2Fv2%2Fcomments&post=5557"}],"wp:featuredmedia":[{"embeddable":true,"href":"https:\/\/dev.rosabelle-lingerie.ch\/index.php?rest_route=\/wp\/v2\/media\/5558"}],"wp:attachment":[{"href":"https:\/\/dev.rosabelle-lingerie.ch\/index.php?rest_route=%2Fwp%2Fv2%2Fmedia&parent=5557"}],"wp:term":[{"taxonomy":"product_brand","embeddable":true,"href":"https:\/\/dev.rosabelle-lingerie.ch\/index.php?rest_route=%2Fwp%2Fv2%2Fproduct_brand&post=5557"},{"taxonomy":"product_cat","embeddable":true,"href":"https:\/\/dev.rosabelle-lingerie.ch\/index.php?rest_route=%2Fwp%2Fv2%2Fproduct_cat&post=5557"},{"taxonomy":"product_tag","embeddable":true,"href":"https:\/\/dev.rosabelle-lingerie.ch\/index.php?rest_route=%2Fwp%2Fv2%2Fproduct_tag&post=5557"}],"curies":[{"name":"wp","href":"https:\/\/api.w.org\/{rel}","templated":true}]}}