{"id":5512,"date":"2023-11-14T17:15:26","date_gmt":"2023-11-14T16:15:26","guid":{"rendered":"https:\/\/dev.rosabelle-lingerie.ch\/?post_type=product&#038;p=5512"},"modified":"2023-11-14T17:15:26","modified_gmt":"2023-11-14T16:15:26","slug":"chemisette-thermique","status":"publish","type":"product","link":"https:\/\/dev.rosabelle-lingerie.ch\/?product=chemisette-thermique","title":{"rendered":"Chemisette Thermique"},"content":{"rendered":"<p>Chemise sans manches thermique pour femme avec int\u00e9rieur en peluche et d\u00e9tails en dentelle. La technologie thermique \u00e9volue de la mani\u00e8re la plus sensuelle dans cette chemise qui allie efficacit\u00e9 et \u00e9l\u00e9gance. Une touche f\u00e9minine \u00e0 cette chemise fonctionnelle thermique classique avec laquelle lutter contre les basses temp\u00e9ratures.<\/p>\n","protected":false},"excerpt":{"rendered":"<p>Haut en dentelle thermique sans manches.<\/p>\n","protected":false},"featured_media":5513,"comment_status":"open","ping_status":"closed","template":"","meta":[],"product_brand":[],"product_cat":[41,450,185,416],"product_tag":[81],"class_list":{"0":"post-5512","1":"product","2":"type-product","3":"status-publish","4":"has-post-thumbnail","6":"product_cat-lingerie","7":"product_cat-lingerie-thermique","8":"product_cat-mode-fashion","9":"product_cat-nouveaute-automne-hiver","10":"product_tag-81","11":"pa_color-grenat","12":"pa_color-black","13":"pa_sizes-l","14":"pa_sizes-m","15":"pa_sizes-xl","16":"pa_sizes-xxl","17":"latest_post","19":"first","20":"instock","21":"shipping-taxable","22":"purchasable","23":"product-type-variable"},"_links":{"self":[{"href":"https:\/\/dev.rosabelle-lingerie.ch\/index.php?rest_route=\/wp\/v2\/product\/5512","targetHints":{"allow":["GET"]}}],"collection":[{"href":"https:\/\/dev.rosabelle-lingerie.ch\/index.php?rest_route=\/wp\/v2\/product"}],"about":[{"href":"https:\/\/dev.rosabelle-lingerie.ch\/index.php?rest_route=\/wp\/v2\/types\/product"}],"replies":[{"embeddable":true,"href":"https:\/\/dev.rosabelle-lingerie.ch\/index.php?rest_route=%2Fwp%2Fv2%2Fcomments&post=5512"}],"wp:featuredmedia":[{"embeddable":true,"href":"https:\/\/dev.rosabelle-lingerie.ch\/index.php?rest_route=\/wp\/v2\/media\/5513"}],"wp:attachment":[{"href":"https:\/\/dev.rosabelle-lingerie.ch\/index.php?rest_route=%2Fwp%2Fv2%2Fmedia&parent=5512"}],"wp:term":[{"taxonomy":"product_brand","embeddable":true,"href":"https:\/\/dev.rosabelle-lingerie.ch\/index.php?rest_route=%2Fwp%2Fv2%2Fproduct_brand&post=5512"},{"taxonomy":"product_cat","embeddable":true,"href":"https:\/\/dev.rosabelle-lingerie.ch\/index.php?rest_route=%2Fwp%2Fv2%2Fproduct_cat&post=5512"},{"taxonomy":"product_tag","embeddable":true,"href":"https:\/\/dev.rosabelle-lingerie.ch\/index.php?rest_route=%2Fwp%2Fv2%2Fproduct_tag&post=5512"}],"curies":[{"name":"wp","href":"https:\/\/api.w.org\/{rel}","templated":true}]}}