{"id":5032,"date":"2023-10-05T17:38:20","date_gmt":"2023-10-05T15:38:20","guid":{"rendered":"https:\/\/dev.rosabelle-lingerie.ch\/?post_type=product&#038;p=5032"},"modified":"2026-01-26T17:03:08","modified_gmt":"2026-01-26T16:03:08","slug":"soutien-gorge-marie-jo","status":"publish","type":"product","link":"https:\/\/dev.rosabelle-lingerie.ch\/?product=soutien-gorge-marie-jo","title":{"rendered":"Soutien-gorge Marie-Jo"},"content":{"rendered":"<p>Le d\u00e9collet\u00e9 de ce soutien-gorge rembourr\u00e9 \u00e9voque la pointe d\u2019un c\u0153ur. Les bonnets \u00e9chancr\u00e9s partent du milieu des seins et remontent sur les c\u00f4t\u00e9s, \u00e9pousant ainsi la courbe de la poitrine. Le haut de l\u2019encolure est orn\u00e9 d\u2019une broderie d\u00e9licate qui ajuste la coupe. Pale Peach est une teinte sable discr\u00e8te mais tr\u00e8s brillante.<\/p>\n","protected":false},"excerpt":{"rendered":"<p>Le d\u00e9collet\u00e9 de ce soutien-gorge rembourr\u00e9 \u00e9voque la pointe d\u2019un c\u0153ur. Les bonnets \u00e9chancr\u00e9s partent du milieu des seins et remontent sur les c\u00f4t\u00e9s, \u00e9pousant ainsi la courbe de la poitrine. Le haut de l\u2019encolure est orn\u00e9 d\u2019une broderie d\u00e9licate qui ajuste la coupe. Pale Peach est une teinte sable discr\u00e8te mais tr\u00e8s brillante.<\/p>\n","protected":false},"featured_media":5034,"comment_status":"open","ping_status":"closed","template":"","meta":[],"product_brand":[],"product_cat":[185],"product_tag":[210],"class_list":{"0":"post-5032","1":"product","2":"type-product","3":"status-publish","4":"has-post-thumbnail","6":"product_cat-mode-fashion","7":"product_tag-210","8":"pa_sizes-b85","9":"pa_sizes-c80","10":"pa_sizes-c85","11":"latest_post","13":"first","14":"instock","15":"shipping-taxable","16":"purchasable","17":"product-type-variable"},"_links":{"self":[{"href":"https:\/\/dev.rosabelle-lingerie.ch\/index.php?rest_route=\/wp\/v2\/product\/5032","targetHints":{"allow":["GET"]}}],"collection":[{"href":"https:\/\/dev.rosabelle-lingerie.ch\/index.php?rest_route=\/wp\/v2\/product"}],"about":[{"href":"https:\/\/dev.rosabelle-lingerie.ch\/index.php?rest_route=\/wp\/v2\/types\/product"}],"replies":[{"embeddable":true,"href":"https:\/\/dev.rosabelle-lingerie.ch\/index.php?rest_route=%2Fwp%2Fv2%2Fcomments&post=5032"}],"wp:featuredmedia":[{"embeddable":true,"href":"https:\/\/dev.rosabelle-lingerie.ch\/index.php?rest_route=\/wp\/v2\/media\/5034"}],"wp:attachment":[{"href":"https:\/\/dev.rosabelle-lingerie.ch\/index.php?rest_route=%2Fwp%2Fv2%2Fmedia&parent=5032"}],"wp:term":[{"taxonomy":"product_brand","embeddable":true,"href":"https:\/\/dev.rosabelle-lingerie.ch\/index.php?rest_route=%2Fwp%2Fv2%2Fproduct_brand&post=5032"},{"taxonomy":"product_cat","embeddable":true,"href":"https:\/\/dev.rosabelle-lingerie.ch\/index.php?rest_route=%2Fwp%2Fv2%2Fproduct_cat&post=5032"},{"taxonomy":"product_tag","embeddable":true,"href":"https:\/\/dev.rosabelle-lingerie.ch\/index.php?rest_route=%2Fwp%2Fv2%2Fproduct_tag&post=5032"}],"curies":[{"name":"wp","href":"https:\/\/api.w.org\/{rel}","templated":true}]}}