{"id":5016,"date":"2023-10-05T14:27:01","date_gmt":"2023-10-05T12:27:01","guid":{"rendered":"https:\/\/dev.rosabelle-lingerie.ch\/?post_type=product&#038;p=5016"},"modified":"2023-12-09T15:29:24","modified_gmt":"2023-12-09T14:29:24","slug":"soutien-gorge-abc-collection","status":"publish","type":"product","link":"https:\/\/dev.rosabelle-lingerie.ch\/?product=soutien-gorge-abc-collection","title":{"rendered":"Soutien-gorge ABC Collection"},"content":{"rendered":"<p>El\u00e9gant soutien-gorge \u00e0 larges bretelles, sans armature tout en assurant un excellent soutien, motifs en transparence. Egalement pour les compl\u00e9ment mammaire.<\/p>\n","protected":false},"excerpt":{"rendered":"<p>El\u00e9gant soutien-gorge \u00e0 larges bretelles, sans armature tout en assurant un excellent soutien, motifs en transparence. Egalement pour\u00a0 compl\u00e9ment mammaire. Ce mod\u00e8le se fait \u00e9galement en couleurs : nacre, blanc, noir, gris<\/p>\n","protected":false},"featured_media":5017,"comment_status":"open","ping_status":"closed","template":"","meta":[],"product_brand":[],"product_cat":[41,18,42],"product_tag":[415],"class_list":{"0":"post-5016","1":"product","2":"type-product","3":"status-publish","4":"has-post-thumbnail","6":"product_cat-lingerie","7":"product_cat-lingerie-fine","8":"product_cat-medical","9":"product_tag-style-511","10":"pa_sizes-80d","11":"pa_sizes-80e","12":"pa_sizes-85e","13":"pa_sizes-90d","14":"pa_sizes-95e","15":"pa_sizes-b90","16":"pa_sizes-c90","17":"latest_post","19":"first","20":"instock","21":"shipping-taxable","22":"product-type-variable"},"_links":{"self":[{"href":"https:\/\/dev.rosabelle-lingerie.ch\/index.php?rest_route=\/wp\/v2\/product\/5016","targetHints":{"allow":["GET"]}}],"collection":[{"href":"https:\/\/dev.rosabelle-lingerie.ch\/index.php?rest_route=\/wp\/v2\/product"}],"about":[{"href":"https:\/\/dev.rosabelle-lingerie.ch\/index.php?rest_route=\/wp\/v2\/types\/product"}],"replies":[{"embeddable":true,"href":"https:\/\/dev.rosabelle-lingerie.ch\/index.php?rest_route=%2Fwp%2Fv2%2Fcomments&post=5016"}],"wp:featuredmedia":[{"embeddable":true,"href":"https:\/\/dev.rosabelle-lingerie.ch\/index.php?rest_route=\/wp\/v2\/media\/5017"}],"wp:attachment":[{"href":"https:\/\/dev.rosabelle-lingerie.ch\/index.php?rest_route=%2Fwp%2Fv2%2Fmedia&parent=5016"}],"wp:term":[{"taxonomy":"product_brand","embeddable":true,"href":"https:\/\/dev.rosabelle-lingerie.ch\/index.php?rest_route=%2Fwp%2Fv2%2Fproduct_brand&post=5016"},{"taxonomy":"product_cat","embeddable":true,"href":"https:\/\/dev.rosabelle-lingerie.ch\/index.php?rest_route=%2Fwp%2Fv2%2Fproduct_cat&post=5016"},{"taxonomy":"product_tag","embeddable":true,"href":"https:\/\/dev.rosabelle-lingerie.ch\/index.php?rest_route=%2Fwp%2Fv2%2Fproduct_tag&post=5016"}],"curies":[{"name":"wp","href":"https:\/\/api.w.org\/{rel}","templated":true}]}}