{"id":4706,"date":"2023-08-03T16:10:26","date_gmt":"2023-08-03T14:10:26","guid":{"rendered":"https:\/\/dev.rosabelle-lingerie.ch\/?post_type=product&#038;p=4706"},"modified":"2023-08-03T16:17:47","modified_gmt":"2023-08-03T14:17:47","slug":"bandage-compressif-ceinture-abdominale","status":"publish","type":"product","link":"https:\/\/dev.rosabelle-lingerie.ch\/?product=bandage-compressif-ceinture-abdominale","title":{"rendered":"Bandage compressif \/ ceinture abdominale"},"content":{"rendered":"<p><strong>Ceinture abdominale post-op\u00e9ratoire ZBRA\u00a0<\/strong><\/p>\n<p>Application de la\u00a0<strong>Ceinture Haute\u00a0\u00c9l\u00e9gance Coolmax<sup>\u00ae<\/sup><\/strong>, r\u00e9alis\u00e9e \u00e0 partir d\u2019un textile Coolmax<sup>\u00ae<\/sup>\u00a0sp\u00e9cialement \u00e9tudi\u00e9, peut s\u2019effectuer imm\u00e9diatement apr\u00e8s intervention.<\/p>\n<p><em>La qualit\u00e9 de nos tissus et notre recherche clinique garantissent qu\u2019un seul v\u00eatement est n\u00e9cessaire pour fournir le traitement complet requis par votre m\u00e9decin.<\/em><\/p>\n<p>A prendre rendez-vous pour les mesures . Avec ordonnance m\u00e9dicale , possibilit\u00e9 d&rsquo;un remboursement par l&rsquo;assurance maladie.<\/p>\n<p>Laver en machine \u00e0 30\u00b0C maximum avec une lessive \u00e0 base de savon naturel type savon de Marseille. Ne pas utiliser de s\u00e8che-linge.<em>\u00a0Il est recommand\u00e9 de laver le v\u00eatement avant de le porter pour la premi\u00e8re fois.<\/em><\/p>\n<p>&nbsp;<\/p>\n","protected":false},"excerpt":{"rendered":"<p>Ceinture abdominale post-op\u00e9ratoire<\/p>\n<p>Ceinture de compression en coolmax avec ouverture lat\u00e9rale par crochets. Id\u00e9ale apr\u00e8s une op\u00e9ration de l&rsquo;abdomen.<\/p>\n<p>Taille 1 \u00e0 taille 7<\/p>\n","protected":false},"featured_media":4708,"comment_status":"open","ping_status":"closed","template":"","meta":[],"product_brand":[],"product_cat":[41,42],"product_tag":[392],"class_list":{"0":"post-4706","1":"product","2":"type-product","3":"status-publish","4":"has-post-thumbnail","6":"product_cat-lingerie","7":"product_cat-medical","8":"product_tag-ec-012","9":"pa_color-black","10":"pa_sizes-385","11":"pa_sizes-386","12":"pa_sizes-387","13":"pa_sizes-388","14":"pa_sizes-389","15":"pa_sizes-390","16":"pa_sizes-391","17":"latest_post","19":"first","20":"instock","21":"sold-individually","22":"shipping-taxable","23":"purchasable","24":"product-type-variable"},"_links":{"self":[{"href":"https:\/\/dev.rosabelle-lingerie.ch\/index.php?rest_route=\/wp\/v2\/product\/4706","targetHints":{"allow":["GET"]}}],"collection":[{"href":"https:\/\/dev.rosabelle-lingerie.ch\/index.php?rest_route=\/wp\/v2\/product"}],"about":[{"href":"https:\/\/dev.rosabelle-lingerie.ch\/index.php?rest_route=\/wp\/v2\/types\/product"}],"replies":[{"embeddable":true,"href":"https:\/\/dev.rosabelle-lingerie.ch\/index.php?rest_route=%2Fwp%2Fv2%2Fcomments&post=4706"}],"wp:featuredmedia":[{"embeddable":true,"href":"https:\/\/dev.rosabelle-lingerie.ch\/index.php?rest_route=\/wp\/v2\/media\/4708"}],"wp:attachment":[{"href":"https:\/\/dev.rosabelle-lingerie.ch\/index.php?rest_route=%2Fwp%2Fv2%2Fmedia&parent=4706"}],"wp:term":[{"taxonomy":"product_brand","embeddable":true,"href":"https:\/\/dev.rosabelle-lingerie.ch\/index.php?rest_route=%2Fwp%2Fv2%2Fproduct_brand&post=4706"},{"taxonomy":"product_cat","embeddable":true,"href":"https:\/\/dev.rosabelle-lingerie.ch\/index.php?rest_route=%2Fwp%2Fv2%2Fproduct_cat&post=4706"},{"taxonomy":"product_tag","embeddable":true,"href":"https:\/\/dev.rosabelle-lingerie.ch\/index.php?rest_route=%2Fwp%2Fv2%2Fproduct_tag&post=4706"}],"curies":[{"name":"wp","href":"https:\/\/api.w.org\/{rel}","templated":true}]}}