{"id":4497,"date":"2022-11-25T11:18:44","date_gmt":"2022-11-25T10:18:44","guid":{"rendered":"https:\/\/dev.rosabelle-lingerie.ch\/?post_type=product&#038;p=4497"},"modified":"2023-10-03T20:58:06","modified_gmt":"2023-10-03T18:58:06","slug":"soutien-gorge-de-compression-zbra","status":"publish","type":"product","link":"https:\/\/dev.rosabelle-lingerie.ch\/?product=soutien-gorge-de-compression-zbra","title":{"rendered":"Soutien-gorge de compression post-op\u00e9ratoire ZBRA"},"content":{"rendered":"<p>Ce soutien-gorge permet une compression efficace et constante<br \/>\nm\u00eame dans les zones difficiles comme le pli de l&rsquo;aine.<br \/>\nIls procurent confort, maintien et une grande libert\u00e9 de mouvement.<\/p>\n<p>Nos tissus haute technologie se composent d\u2019une fibre<br \/>\nqui procure une compression durable et une grande<br \/>\nthermor\u00e9gulation. De plus, ils poss\u00e8dent un indice<br \/>\nsolaire \u00e9lev\u00e9.<\/p>\n","protected":false},"excerpt":{"rendered":"<p>Soutien-gorge de compression post-op\u00e9ratoire en microfibre respirante. Apr\u00e8s une op\u00e9ration mammaire, il devrait \u00eatre port\u00e9 4-6 semaines jour et nuit.<br \/>\nIl existe en noir et en blanc. Ce que nous proposons avec le soutien-gorge :<br \/>\n&#8211; Si l&rsquo;intervention est prise en charge par votre assurance maladie, nous vous fournissons volontiers une facture pay\u00e9e pour le remboursement avec l&rsquo;ordonnance de votre m\u00e9decin aupr\u00e8s de votre assurance maladie.<br \/>\n&#8211; Livraison sous 2-3 jours \u00e0 votre domicile sans frais.<br \/>\n&#8211; Conseils et application vous sera envoy\u00e9 par courriel<\/p>\n","protected":false},"featured_media":4498,"comment_status":"open","ping_status":"closed","template":"","meta":[],"product_brand":[],"product_cat":[41,42,19],"product_tag":[137],"class_list":{"0":"post-4497","1":"product","2":"type-product","3":"status-publish","4":"has-post-thumbnail","6":"product_cat-lingerie","7":"product_cat-medical","8":"product_cat-lingerie-medicale","9":"product_tag-s014","10":"pa_color-white","11":"pa_color-black","12":"pa_sizes-85d","13":"pa_sizes-90d","14":"pa_sizes-a80","15":"pa_sizes-a85","16":"pa_sizes-b75","17":"pa_sizes-b80","18":"pa_sizes-b85","19":"pa_sizes-b90","20":"pa_sizes-c75","21":"pa_sizes-c80","22":"pa_sizes-c85","23":"pa_sizes-c90","24":"pa_sizes-d75","25":"pa_sizes-d80","26":"latest_post","28":"first","29":"instock","30":"shipping-taxable","31":"purchasable","32":"product-type-variable"},"_links":{"self":[{"href":"https:\/\/dev.rosabelle-lingerie.ch\/index.php?rest_route=\/wp\/v2\/product\/4497","targetHints":{"allow":["GET"]}}],"collection":[{"href":"https:\/\/dev.rosabelle-lingerie.ch\/index.php?rest_route=\/wp\/v2\/product"}],"about":[{"href":"https:\/\/dev.rosabelle-lingerie.ch\/index.php?rest_route=\/wp\/v2\/types\/product"}],"replies":[{"embeddable":true,"href":"https:\/\/dev.rosabelle-lingerie.ch\/index.php?rest_route=%2Fwp%2Fv2%2Fcomments&post=4497"}],"wp:featuredmedia":[{"embeddable":true,"href":"https:\/\/dev.rosabelle-lingerie.ch\/index.php?rest_route=\/wp\/v2\/media\/4498"}],"wp:attachment":[{"href":"https:\/\/dev.rosabelle-lingerie.ch\/index.php?rest_route=%2Fwp%2Fv2%2Fmedia&parent=4497"}],"wp:term":[{"taxonomy":"product_brand","embeddable":true,"href":"https:\/\/dev.rosabelle-lingerie.ch\/index.php?rest_route=%2Fwp%2Fv2%2Fproduct_brand&post=4497"},{"taxonomy":"product_cat","embeddable":true,"href":"https:\/\/dev.rosabelle-lingerie.ch\/index.php?rest_route=%2Fwp%2Fv2%2Fproduct_cat&post=4497"},{"taxonomy":"product_tag","embeddable":true,"href":"https:\/\/dev.rosabelle-lingerie.ch\/index.php?rest_route=%2Fwp%2Fv2%2Fproduct_tag&post=4497"}],"curies":[{"name":"wp","href":"https:\/\/api.w.org\/{rel}","templated":true}]}}