{"id":4239,"date":"2022-06-09T10:32:08","date_gmt":"2022-06-09T08:32:08","guid":{"rendered":"https:\/\/dev.rosabelle-lingerie.ch\/?post_type=product&#038;p=4239"},"modified":"2023-10-17T14:40:49","modified_gmt":"2023-10-17T12:40:49","slug":"slip-invisible-anita","status":"publish","type":"product","link":"https:\/\/dev.rosabelle-lingerie.ch\/?product=slip-invisible-anita","title":{"rendered":"Slip invisible ANITA"},"content":{"rendered":"<p>Une merveille de simplicit\u00e9, doux, ultra \u00e9lastique et confortable &#8211; le slip Essentials en variante Shorty existe en taille S\/M et L\/XL. Avec sa mati\u00e8re qui \u00e9pouse facilement les diff\u00e9rentes silhouettes, il sied comme une seconde peau. Rien ne serre, ne glisse ou ne marque &#8211; ce shorty est parfait pour le quotidien.<\/p>\n<p>Offre pendant le mois de juin \/ pour deux slips achet\u00e9s un prix sp\u00e9cial de chf 45.00<\/p>\n","protected":false},"excerpt":{"rendered":"<p>Slip invisible sous les pantalons. En microfibre, sans couture, entre-jambe en coton &#8230;une merveille de confort !<\/p>\n<p>&nbsp;<\/p>\n","protected":false},"featured_media":4240,"comment_status":"open","ping_status":"closed","template":"","meta":[],"product_brand":[],"product_cat":[41,18],"product_tag":[358],"class_list":{"0":"post-4239","1":"product","2":"type-product","3":"status-publish","4":"has-post-thumbnail","6":"product_cat-lingerie","7":"product_cat-lingerie-fine","8":"product_tag-358","9":"pa_color-white","10":"pa_color-marine","11":"pa_color-black","12":"pa_color-skin","13":"pa_sizes-l-xl","14":"pa_sizes-s-m","15":"latest_post","17":"first","18":"instock","19":"shipping-taxable","20":"purchasable","21":"product-type-variable"},"_links":{"self":[{"href":"https:\/\/dev.rosabelle-lingerie.ch\/index.php?rest_route=\/wp\/v2\/product\/4239","targetHints":{"allow":["GET"]}}],"collection":[{"href":"https:\/\/dev.rosabelle-lingerie.ch\/index.php?rest_route=\/wp\/v2\/product"}],"about":[{"href":"https:\/\/dev.rosabelle-lingerie.ch\/index.php?rest_route=\/wp\/v2\/types\/product"}],"replies":[{"embeddable":true,"href":"https:\/\/dev.rosabelle-lingerie.ch\/index.php?rest_route=%2Fwp%2Fv2%2Fcomments&post=4239"}],"wp:featuredmedia":[{"embeddable":true,"href":"https:\/\/dev.rosabelle-lingerie.ch\/index.php?rest_route=\/wp\/v2\/media\/4240"}],"wp:attachment":[{"href":"https:\/\/dev.rosabelle-lingerie.ch\/index.php?rest_route=%2Fwp%2Fv2%2Fmedia&parent=4239"}],"wp:term":[{"taxonomy":"product_brand","embeddable":true,"href":"https:\/\/dev.rosabelle-lingerie.ch\/index.php?rest_route=%2Fwp%2Fv2%2Fproduct_brand&post=4239"},{"taxonomy":"product_cat","embeddable":true,"href":"https:\/\/dev.rosabelle-lingerie.ch\/index.php?rest_route=%2Fwp%2Fv2%2Fproduct_cat&post=4239"},{"taxonomy":"product_tag","embeddable":true,"href":"https:\/\/dev.rosabelle-lingerie.ch\/index.php?rest_route=%2Fwp%2Fv2%2Fproduct_tag&post=4239"}],"curies":[{"name":"wp","href":"https:\/\/api.w.org\/{rel}","templated":true}]}}