{"id":3807,"date":"2021-10-15T15:54:40","date_gmt":"2021-10-15T13:54:40","guid":{"rendered":"https:\/\/dev.rosabelle-lingerie.ch\/?post_type=product&#038;p=3807"},"modified":"2025-01-17T09:55:17","modified_gmt":"2025-01-17T08:55:17","slug":"anita-soutien-gorge-medical-avec-poches-4","status":"publish","type":"product","link":"https:\/\/dev.rosabelle-lingerie.ch\/?product=anita-soutien-gorge-medical-avec-poches-4","title":{"rendered":"ANITA \u2013 SOUTIEN-GORGE MEDICAL AVEC POCHES"},"content":{"rendered":"<p>Le soutien-gorge pour proth\u00e8ses Belvedere conf\u00e8re une allure \u00e0 la fois moderne et raffin\u00e9e. Un atout de charme\u00a0: le motif d\u00e9coratif de la bordure dans la partie sup\u00e9rieure du bonnet, qui se termine par des inserts unis sur le d\u00e9collet\u00e9 pour un effet \u00e0 la fois \u00e9l\u00e9gant et sculptant. Avec leur doublure robuste, les bonnets cousus maintiennent fermement la proth\u00e8se. Les fleurs brod\u00e9es bicolores le long des bretelles compl\u00e8tent le tout avec charme.<\/p>\n","protected":false},"excerpt":{"rendered":"<p>Le soutien-gorge pour proth\u00e8ses Belvedere conf\u00e8re une allure \u00e0 la fois moderne et raffin\u00e9e. Un atout de charme\u00a0: le motif d\u00e9coratif de la bordure dans la partie sup\u00e9rieure du bonnet, qui se termine par des inserts unis sur le d\u00e9collet\u00e9 pour un effet \u00e0 la fois \u00e9l\u00e9gant et sculptant.<\/p>\n","protected":false},"featured_media":3876,"comment_status":"open","ping_status":"closed","template":"","meta":[],"product_brand":[],"product_cat":[41,19,42,185],"product_tag":[324],"class_list":{"0":"post-3807","1":"product","2":"type-product","3":"status-publish","4":"has-post-thumbnail","6":"product_cat-lingerie","7":"product_cat-lingerie-medicale","8":"product_cat-medical","9":"product_cat-mode-fashion","10":"product_tag-4787x","11":"pa_sizes-85d","12":"pa_sizes-95c","13":"pa_sizes-a90","14":"pa_sizes-b80","15":"pa_sizes-b85","16":"pa_sizes-b90","17":"pa_sizes-b95","18":"pa_sizes-c85","19":"pa_sizes-c90","20":"latest_post","22":"first","23":"instock","24":"shipping-taxable","25":"purchasable","26":"product-type-simple"},"_links":{"self":[{"href":"https:\/\/dev.rosabelle-lingerie.ch\/index.php?rest_route=\/wp\/v2\/product\/3807","targetHints":{"allow":["GET"]}}],"collection":[{"href":"https:\/\/dev.rosabelle-lingerie.ch\/index.php?rest_route=\/wp\/v2\/product"}],"about":[{"href":"https:\/\/dev.rosabelle-lingerie.ch\/index.php?rest_route=\/wp\/v2\/types\/product"}],"replies":[{"embeddable":true,"href":"https:\/\/dev.rosabelle-lingerie.ch\/index.php?rest_route=%2Fwp%2Fv2%2Fcomments&post=3807"}],"wp:featuredmedia":[{"embeddable":true,"href":"https:\/\/dev.rosabelle-lingerie.ch\/index.php?rest_route=\/wp\/v2\/media\/3876"}],"wp:attachment":[{"href":"https:\/\/dev.rosabelle-lingerie.ch\/index.php?rest_route=%2Fwp%2Fv2%2Fmedia&parent=3807"}],"wp:term":[{"taxonomy":"product_brand","embeddable":true,"href":"https:\/\/dev.rosabelle-lingerie.ch\/index.php?rest_route=%2Fwp%2Fv2%2Fproduct_brand&post=3807"},{"taxonomy":"product_cat","embeddable":true,"href":"https:\/\/dev.rosabelle-lingerie.ch\/index.php?rest_route=%2Fwp%2Fv2%2Fproduct_cat&post=3807"},{"taxonomy":"product_tag","embeddable":true,"href":"https:\/\/dev.rosabelle-lingerie.ch\/index.php?rest_route=%2Fwp%2Fv2%2Fproduct_tag&post=3807"}],"curies":[{"name":"wp","href":"https:\/\/api.w.org\/{rel}","templated":true}]}}