{"id":3411,"date":"2021-06-19T15:33:54","date_gmt":"2021-06-19T13:33:54","guid":{"rendered":"https:\/\/dev.rosabelle-lingerie.ch\/?post_type=product&#038;p=3411"},"modified":"2022-08-11T11:45:37","modified_gmt":"2022-08-11T09:45:37","slug":"prima-donna-soutien-gorge-deauville","status":"publish","type":"product","link":"https:\/\/dev.rosabelle-lingerie.ch\/?product=prima-donna-soutien-gorge-deauville","title":{"rendered":"PRIMA DONNA &#8211; SOUTIEN-GORGE DEAUVILLE"},"content":{"rendered":"<p>Soutien-gorge \u00e0 armatures avec bonnets en trois parties \u00e0 l\u2019ajustement l\u00e9gendaire et au style vaporeux. Il est orn\u00e9 d\u2019une broderie subtilement brillante au niveau des bonnets et des bretelles. Caff\u00e9 Latte est un coloris neutre chic et intemporel. Tr\u00e8s flatteur sur les peaux plus fonc\u00e9es !<\/p>\n","protected":false},"excerpt":{"rendered":"<p>Magnifique mod\u00e8le avec une tenue irr\u00e9prochable orn\u00e9 d&rsquo;une broderie subtilement brillante.<\/p>\n","protected":false},"featured_media":3414,"comment_status":"open","ping_status":"closed","template":"","meta":[],"product_brand":[],"product_cat":[41,18,185,209],"product_tag":[282],"class_list":{"0":"post-3411","1":"product","2":"type-product","3":"status-publish","4":"has-post-thumbnail","6":"product_cat-lingerie","7":"product_cat-lingerie-fine","8":"product_cat-mode-fashion","9":"product_cat-nouveautes-de-printemps","10":"product_tag-282","11":"pa_color-caffe-latte","12":"pa_color-mother-of-pearl","13":"pa_color-black","14":"pa_cups-d","15":"pa_cups-e","16":"pa_cups-f","17":"pa_cups-g","18":"pa_sizes-98","19":"pa_sizes-37","20":"pa_sizes-94","21":"pa_sizes-95","22":"pa_sizes-96","23":"pa_sizes-97","24":"latest_post","26":"first","27":"instock","28":"shipping-taxable","29":"purchasable","30":"product-type-variable"},"_links":{"self":[{"href":"https:\/\/dev.rosabelle-lingerie.ch\/index.php?rest_route=\/wp\/v2\/product\/3411","targetHints":{"allow":["GET"]}}],"collection":[{"href":"https:\/\/dev.rosabelle-lingerie.ch\/index.php?rest_route=\/wp\/v2\/product"}],"about":[{"href":"https:\/\/dev.rosabelle-lingerie.ch\/index.php?rest_route=\/wp\/v2\/types\/product"}],"replies":[{"embeddable":true,"href":"https:\/\/dev.rosabelle-lingerie.ch\/index.php?rest_route=%2Fwp%2Fv2%2Fcomments&post=3411"}],"wp:featuredmedia":[{"embeddable":true,"href":"https:\/\/dev.rosabelle-lingerie.ch\/index.php?rest_route=\/wp\/v2\/media\/3414"}],"wp:attachment":[{"href":"https:\/\/dev.rosabelle-lingerie.ch\/index.php?rest_route=%2Fwp%2Fv2%2Fmedia&parent=3411"}],"wp:term":[{"taxonomy":"product_brand","embeddable":true,"href":"https:\/\/dev.rosabelle-lingerie.ch\/index.php?rest_route=%2Fwp%2Fv2%2Fproduct_brand&post=3411"},{"taxonomy":"product_cat","embeddable":true,"href":"https:\/\/dev.rosabelle-lingerie.ch\/index.php?rest_route=%2Fwp%2Fv2%2Fproduct_cat&post=3411"},{"taxonomy":"product_tag","embeddable":true,"href":"https:\/\/dev.rosabelle-lingerie.ch\/index.php?rest_route=%2Fwp%2Fv2%2Fproduct_tag&post=3411"}],"curies":[{"name":"wp","href":"https:\/\/api.w.org\/{rel}","templated":true}]}}