{"id":337,"date":"2020-12-06T12:35:00","date_gmt":"2020-12-06T12:35:00","guid":{"rendered":"https:\/\/build.ernst.technology\/rosabelle-lingerie\/?post_type=product&#038;p=337"},"modified":"2023-10-17T15:08:54","modified_gmt":"2023-10-17T13:08:54","slug":"culotte-haute-anita-sans-coutures-1343","status":"publish","type":"product","link":"https:\/\/dev.rosabelle-lingerie.ch\/?product=culotte-haute-anita-sans-coutures-1343","title":{"rendered":"CULOTTE HAUTE ANITA SANS COUTURES  &#8211; 1343"},"content":{"rendered":"<p><strong>R\u00e9f\u00e9rence article 1343<\/strong><\/p>\n<p>La culotte haute+ Essentials sans coutures et d\u00e9clin\u00e9e en taille &#8211; S\/M et L\/XL -est l&rsquo;amie de toutes les silhouettes. Merveilleusement doux, ultra \u00e9lastique, et confortable ce slip compl\u00e8tera votre garde-robe en toute simplicit\u00e9. Avec ses coutures lat\u00e9rales et bordures plates au niveau de la taille et des jambes, il se fait discret sous les v\u00eatements moulants.<\/p>\n","protected":false},"excerpt":{"rendered":"<p>CULOTTE HAUTE ANITA<\/p>\n<p>TAILLE S\/M\u00a0 OU\u00a0 L\/XL<\/p>\n<p>EN NOIR &#8211; ROSE POUDRE &#8211; GRIS &#8211; PEAU &#8211; CHATAIGNE<\/p>\n","protected":false},"featured_media":338,"comment_status":"open","ping_status":"closed","template":"","meta":[],"product_brand":[],"product_cat":[41,24,18,19],"product_tag":[89],"class_list":{"0":"post-337","1":"product","2":"type-product","3":"status-publish","4":"has-post-thumbnail","6":"product_cat-lingerie","7":"product_cat-lingerie-de-maternite","8":"product_cat-lingerie-fine","9":"product_cat-lingerie-medicale","10":"product_tag-89","11":"pa_sizes-l-xl","12":"pa_sizes-s-m","13":"latest_post","15":"first","16":"onbackorder","17":"shipping-taxable","18":"purchasable","19":"product-type-variable","20":"has-default-attributes"},"_links":{"self":[{"href":"https:\/\/dev.rosabelle-lingerie.ch\/index.php?rest_route=\/wp\/v2\/product\/337","targetHints":{"allow":["GET"]}}],"collection":[{"href":"https:\/\/dev.rosabelle-lingerie.ch\/index.php?rest_route=\/wp\/v2\/product"}],"about":[{"href":"https:\/\/dev.rosabelle-lingerie.ch\/index.php?rest_route=\/wp\/v2\/types\/product"}],"replies":[{"embeddable":true,"href":"https:\/\/dev.rosabelle-lingerie.ch\/index.php?rest_route=%2Fwp%2Fv2%2Fcomments&post=337"}],"wp:featuredmedia":[{"embeddable":true,"href":"https:\/\/dev.rosabelle-lingerie.ch\/index.php?rest_route=\/wp\/v2\/media\/338"}],"wp:attachment":[{"href":"https:\/\/dev.rosabelle-lingerie.ch\/index.php?rest_route=%2Fwp%2Fv2%2Fmedia&parent=337"}],"wp:term":[{"taxonomy":"product_brand","embeddable":true,"href":"https:\/\/dev.rosabelle-lingerie.ch\/index.php?rest_route=%2Fwp%2Fv2%2Fproduct_brand&post=337"},{"taxonomy":"product_cat","embeddable":true,"href":"https:\/\/dev.rosabelle-lingerie.ch\/index.php?rest_route=%2Fwp%2Fv2%2Fproduct_cat&post=337"},{"taxonomy":"product_tag","embeddable":true,"href":"https:\/\/dev.rosabelle-lingerie.ch\/index.php?rest_route=%2Fwp%2Fv2%2Fproduct_tag&post=337"}],"curies":[{"name":"wp","href":"https:\/\/api.w.org\/{rel}","templated":true}]}}