{"id":324,"date":"2022-11-03T12:19:39","date_gmt":"2022-11-03T11:19:39","guid":{"rendered":"https:\/\/build.ernst.technology\/rosabelle-lingerie\/?post_type=product&#038;p=324"},"modified":"2023-09-15T15:07:46","modified_gmt":"2023-09-15T13:07:46","slug":"soutien-gorge-confort-clara-sans-armature-anita-5459","status":"publish","type":"product","link":"https:\/\/dev.rosabelle-lingerie.ch\/?product=soutien-gorge-confort-clara-sans-armature-anita-5459","title":{"rendered":"SOUTIEN-GORGE CONFORT CLARA SANS ARMATURE &#8211; ANITA"},"content":{"rendered":"<p><strong>5459<\/strong><\/p>\n<p>L&rsquo;\u00e9l\u00e9gance sobre au quotidien,voil\u00e0 ce que propose le soutien-gorge TopComfort de la s\u00e9rie CLARA. Ses bretelles confort r\u00e9glables offrent un maintien fiable jusqu&rsquo;au bonnet H. Sa microfibre fine \u00e9pouse d\u00e9licatement le corps sans comprimer.<\/p>\n","protected":false},"excerpt":{"rendered":"<p>SOUTIEN-GORGE CONFORT CLARA SANS ARMATURE ANITA &#8211; 5459<\/p>\n<p>DU BONNET B-D 75-120 \/ E-F 75-110 \/ G-H 75-110 I 75-110<\/p>\n<p>COULEUR NOIR &#8211; BLANC &#8211; PEAU &#8211; ROSE<\/p>\n","protected":false},"featured_media":4751,"comment_status":"open","ping_status":"closed","template":"","meta":[],"product_brand":[],"product_cat":[41,18,19],"product_tag":[86],"class_list":{"0":"post-324","1":"product","2":"type-product","3":"status-publish","4":"has-post-thumbnail","6":"product_cat-lingerie","7":"product_cat-lingerie-fine","8":"product_cat-lingerie-medicale","9":"product_tag-86","10":"pa_sizes-100d","11":"pa_sizes-90d","12":"pa_sizes-95d","13":"pa_sizes-b80","14":"pa_sizes-b85","15":"pa_sizes-b90","16":"pa_sizes-b95","17":"pa_sizes-c80","18":"pa_sizes-c85","19":"pa_sizes-c90","20":"pa_sizes-c95","21":"latest_post","23":"first","24":"instock","25":"shipping-taxable","26":"purchasable","27":"product-type-variable"},"_links":{"self":[{"href":"https:\/\/dev.rosabelle-lingerie.ch\/index.php?rest_route=\/wp\/v2\/product\/324","targetHints":{"allow":["GET"]}}],"collection":[{"href":"https:\/\/dev.rosabelle-lingerie.ch\/index.php?rest_route=\/wp\/v2\/product"}],"about":[{"href":"https:\/\/dev.rosabelle-lingerie.ch\/index.php?rest_route=\/wp\/v2\/types\/product"}],"replies":[{"embeddable":true,"href":"https:\/\/dev.rosabelle-lingerie.ch\/index.php?rest_route=%2Fwp%2Fv2%2Fcomments&post=324"}],"wp:featuredmedia":[{"embeddable":true,"href":"https:\/\/dev.rosabelle-lingerie.ch\/index.php?rest_route=\/wp\/v2\/media\/4751"}],"wp:attachment":[{"href":"https:\/\/dev.rosabelle-lingerie.ch\/index.php?rest_route=%2Fwp%2Fv2%2Fmedia&parent=324"}],"wp:term":[{"taxonomy":"product_brand","embeddable":true,"href":"https:\/\/dev.rosabelle-lingerie.ch\/index.php?rest_route=%2Fwp%2Fv2%2Fproduct_brand&post=324"},{"taxonomy":"product_cat","embeddable":true,"href":"https:\/\/dev.rosabelle-lingerie.ch\/index.php?rest_route=%2Fwp%2Fv2%2Fproduct_cat&post=324"},{"taxonomy":"product_tag","embeddable":true,"href":"https:\/\/dev.rosabelle-lingerie.ch\/index.php?rest_route=%2Fwp%2Fv2%2Fproduct_tag&post=324"}],"curies":[{"name":"wp","href":"https:\/\/api.w.org\/{rel}","templated":true}]}}