{"id":313,"date":"2020-12-06T12:01:32","date_gmt":"2020-12-06T12:01:32","guid":{"rendered":"https:\/\/build.ernst.technology\/rosabelle-lingerie\/?post_type=product&#038;p=313"},"modified":"2020-12-08T18:26:54","modified_gmt":"2020-12-08T18:26:54","slug":"soutien-gorge-de-sport-anita-5529-meilleur-maintien","status":"publish","type":"product","link":"https:\/\/dev.rosabelle-lingerie.ch\/?product=soutien-gorge-de-sport-anita-5529-meilleur-maintien","title":{"rendered":"SOUTIEN-GORGE DE SPORT ANITA &#8211; 5529 MEILLEUR MAINTIEN !"},"content":{"rendered":"<p>SUPER MODELE !<\/p>\n<p>Notre best-seller dans la cat\u00e9gorie des soutiens-gorge de sport au maintien extr\u00eame. Ses fonctionnalit\u00e9s hors pair et son design en ont fait un laur\u00e9at au prestigieux prix du \u00ab\u00a0Red Dot Award\u00a0\u00bb. Les bonnets pr\u00e9moul\u00e9s et sans couture garantissent, jusque dans les grandes tailles un excellent maintien. L&rsquo;effet brillant de la mati\u00e8re high-tech et contribue \u00e0 vous apporter \u00e9nergie et motivation. Le soutien-gorge qui se fait oublier et qui vous accompagne dans vos performances sportives.<\/p>\n","protected":false},"excerpt":{"rendered":"<p>5529 SOUTIEN-GORGE ANITA DU BONNET A 70-100 \/ B 65-10 C-E\/\u00a0 65-105 F 65-100 \/ G 65-95 \/ H 65-85<\/p>\n<p>PRIX CHF 89.90<\/p>\n<p>EN NOIR &#8211; BLANC &#8211; PEAU<\/p>\n","protected":false},"featured_media":205,"comment_status":"open","ping_status":"closed","template":"","meta":[],"product_brand":[],"product_cat":[41,23],"product_tag":[74],"class_list":{"0":"post-313","1":"product","2":"type-product","3":"status-publish","4":"has-post-thumbnail","6":"product_cat-lingerie","7":"product_cat-lingerie-de-sport","8":"product_tag-74","9":"pa_color-white","10":"pa_color-gris","11":"pa_color-black","12":"pa_color-patriot-blue","13":"pa_color-pink-2","14":"pa_cups-a","15":"pa_cups-b","16":"pa_cups-c","17":"pa_cups-d","18":"pa_cups-e","19":"pa_cups-f","20":"pa_cups-g","21":"pa_cups-h","22":"pa_sizes-98","23":"pa_sizes-105","24":"pa_sizes-110","25":"pa_sizes-37","26":"pa_sizes-94","27":"pa_sizes-95","28":"pa_sizes-96","29":"pa_sizes-97","30":"latest_post","32":"first","33":"onbackorder","34":"shipping-taxable","35":"purchasable","36":"product-type-variable"},"_links":{"self":[{"href":"https:\/\/dev.rosabelle-lingerie.ch\/index.php?rest_route=\/wp\/v2\/product\/313","targetHints":{"allow":["GET"]}}],"collection":[{"href":"https:\/\/dev.rosabelle-lingerie.ch\/index.php?rest_route=\/wp\/v2\/product"}],"about":[{"href":"https:\/\/dev.rosabelle-lingerie.ch\/index.php?rest_route=\/wp\/v2\/types\/product"}],"replies":[{"embeddable":true,"href":"https:\/\/dev.rosabelle-lingerie.ch\/index.php?rest_route=%2Fwp%2Fv2%2Fcomments&post=313"}],"wp:featuredmedia":[{"embeddable":true,"href":"https:\/\/dev.rosabelle-lingerie.ch\/index.php?rest_route=\/wp\/v2\/media\/205"}],"wp:attachment":[{"href":"https:\/\/dev.rosabelle-lingerie.ch\/index.php?rest_route=%2Fwp%2Fv2%2Fmedia&parent=313"}],"wp:term":[{"taxonomy":"product_brand","embeddable":true,"href":"https:\/\/dev.rosabelle-lingerie.ch\/index.php?rest_route=%2Fwp%2Fv2%2Fproduct_brand&post=313"},{"taxonomy":"product_cat","embeddable":true,"href":"https:\/\/dev.rosabelle-lingerie.ch\/index.php?rest_route=%2Fwp%2Fv2%2Fproduct_cat&post=313"},{"taxonomy":"product_tag","embeddable":true,"href":"https:\/\/dev.rosabelle-lingerie.ch\/index.php?rest_route=%2Fwp%2Fv2%2Fproduct_tag&post=313"}],"curies":[{"name":"wp","href":"https:\/\/api.w.org\/{rel}","templated":true}]}}