{"id":248,"date":"2020-12-04T11:59:42","date_gmt":"2020-12-04T11:59:42","guid":{"rendered":"https:\/\/build.ernst.technology\/rosabelle-lingerie\/?post_type=product&#038;p=248"},"modified":"2026-01-26T17:06:58","modified_gmt":"2026-01-26T16:06:58","slug":"soutien-gorge-de-massage-abc-525","status":"publish","type":"product","link":"https:\/\/dev.rosabelle-lingerie.ch\/?product=soutien-gorge-de-massage-abc-525","title":{"rendered":"SOUTIEN-GORGE DE MASSAGE ABC 525"},"content":{"rendered":"<p>525 Soutien-gorge sans armature en microfibre respirante. mati\u00e8re drainante et tr\u00e8s agr\u00e9able. Plastron sous-poitrine assez large pour un confort optimal. Sans dentelle et invisible sous les v\u00eatements.<\/p>\n<p>id\u00e9al apr\u00e8s une op\u00e9ration mammaire ou pour une poitrine sensible.<\/p>\n","protected":false},"excerpt":{"rendered":"<p>525 SOUTIEN-GORGE SANS ARMATURE EN MICROFIBRE<\/p>\n<p>NOIR &#8211; BLANC &#8211; PEAU &#8211; ESPRESSO<\/p>\n<p>TAILLE AA 75-100 (A-E 75-115)<\/p>\n","protected":false},"featured_media":4394,"comment_status":"open","ping_status":"closed","template":"","meta":[],"product_brand":[],"product_cat":[41,19,42],"product_tag":[80],"class_list":{"0":"post-248","1":"product","2":"type-product","3":"status-publish","4":"has-post-thumbnail","6":"product_cat-lingerie","7":"product_cat-lingerie-medicale","8":"product_cat-medical","9":"product_tag-80","10":"latest_post","12":"first","13":"instock","14":"shipping-taxable","15":"purchasable","16":"product-type-simple"},"_links":{"self":[{"href":"https:\/\/dev.rosabelle-lingerie.ch\/index.php?rest_route=\/wp\/v2\/product\/248","targetHints":{"allow":["GET"]}}],"collection":[{"href":"https:\/\/dev.rosabelle-lingerie.ch\/index.php?rest_route=\/wp\/v2\/product"}],"about":[{"href":"https:\/\/dev.rosabelle-lingerie.ch\/index.php?rest_route=\/wp\/v2\/types\/product"}],"replies":[{"embeddable":true,"href":"https:\/\/dev.rosabelle-lingerie.ch\/index.php?rest_route=%2Fwp%2Fv2%2Fcomments&post=248"}],"wp:featuredmedia":[{"embeddable":true,"href":"https:\/\/dev.rosabelle-lingerie.ch\/index.php?rest_route=\/wp\/v2\/media\/4394"}],"wp:attachment":[{"href":"https:\/\/dev.rosabelle-lingerie.ch\/index.php?rest_route=%2Fwp%2Fv2%2Fmedia&parent=248"}],"wp:term":[{"taxonomy":"product_brand","embeddable":true,"href":"https:\/\/dev.rosabelle-lingerie.ch\/index.php?rest_route=%2Fwp%2Fv2%2Fproduct_brand&post=248"},{"taxonomy":"product_cat","embeddable":true,"href":"https:\/\/dev.rosabelle-lingerie.ch\/index.php?rest_route=%2Fwp%2Fv2%2Fproduct_cat&post=248"},{"taxonomy":"product_tag","embeddable":true,"href":"https:\/\/dev.rosabelle-lingerie.ch\/index.php?rest_route=%2Fwp%2Fv2%2Fproduct_tag&post=248"}],"curies":[{"name":"wp","href":"https:\/\/api.w.org\/{rel}","templated":true}]}}