{"id":210,"date":"2020-12-04T10:33:08","date_gmt":"2020-12-04T10:33:08","guid":{"rendered":"https:\/\/build.ernst.technology\/rosabelle-lingerie\/?post_type=product&#038;p=210"},"modified":"2021-05-16T12:13:02","modified_gmt":"2021-05-16T10:13:02","slug":"leggings-court-de-sport-anita-1685","status":"publish","type":"product","link":"https:\/\/dev.rosabelle-lingerie.ch\/?product=leggings-court-de-sport-anita-1685","title":{"rendered":"LEGGINGS COURT DE SPORT ANITA 1685"},"content":{"rendered":"<p>Un entra\u00eenement frais et ventil\u00e9 avec le legging de sport fitness Anita active. Avec sa coupe ergonomique et sa forme ajust\u00e9e, il sculpte sur votre corps une silhouette sportive et suit tous vos mouvements. Son tissu respirant de haute qualit\u00e9 garde sa forme, tandis que les zones d&rsquo;a\u00e9ration lat\u00e9rales assurent une \u00e9vacuation optimale de l&rsquo;humidit\u00e9. Des d\u00e9tails tr\u00e8s fonctionnels\u00a0: une taille souple, des coutures \u00e9lastiques super plates et une poche int\u00e9gr\u00e9e avec fermeture \u00e9clair.<\/p>\n","protected":false},"excerpt":{"rendered":"<p>LEGGINGS COURT DE SPORT EN MICROFIBRE RESPIRANTE<\/p>\n<p>TAILLE S A XL CHF 79.90<\/p>\n<p>COULEUR _ NOIR &#8211; GRIS\/JAUNE &#8211; GRIS\/BLEU &#8211; GRIS\/VERT<\/p>\n","protected":false},"featured_media":205,"comment_status":"open","ping_status":"closed","template":"","meta":[],"product_brand":[],"product_cat":[41,23],"product_tag":[73],"class_list":{"0":"post-210","1":"product","2":"type-product","3":"status-publish","4":"has-post-thumbnail","6":"product_cat-lingerie","7":"product_cat-lingerie-de-sport","8":"product_tag-73","9":"pa_color-black","10":"pa_color-noir-bleu","11":"pa_color-noir-jaune","12":"pa_color-noir-vert","13":"pa_sizes-l","14":"pa_sizes-m","15":"pa_sizes-s","16":"pa_sizes-xl","17":"latest_post","19":"first","20":"instock","21":"shipping-taxable","22":"purchasable","23":"product-type-variable"},"_links":{"self":[{"href":"https:\/\/dev.rosabelle-lingerie.ch\/index.php?rest_route=\/wp\/v2\/product\/210","targetHints":{"allow":["GET"]}}],"collection":[{"href":"https:\/\/dev.rosabelle-lingerie.ch\/index.php?rest_route=\/wp\/v2\/product"}],"about":[{"href":"https:\/\/dev.rosabelle-lingerie.ch\/index.php?rest_route=\/wp\/v2\/types\/product"}],"replies":[{"embeddable":true,"href":"https:\/\/dev.rosabelle-lingerie.ch\/index.php?rest_route=%2Fwp%2Fv2%2Fcomments&post=210"}],"wp:featuredmedia":[{"embeddable":true,"href":"https:\/\/dev.rosabelle-lingerie.ch\/index.php?rest_route=\/wp\/v2\/media\/205"}],"wp:attachment":[{"href":"https:\/\/dev.rosabelle-lingerie.ch\/index.php?rest_route=%2Fwp%2Fv2%2Fmedia&parent=210"}],"wp:term":[{"taxonomy":"product_brand","embeddable":true,"href":"https:\/\/dev.rosabelle-lingerie.ch\/index.php?rest_route=%2Fwp%2Fv2%2Fproduct_brand&post=210"},{"taxonomy":"product_cat","embeddable":true,"href":"https:\/\/dev.rosabelle-lingerie.ch\/index.php?rest_route=%2Fwp%2Fv2%2Fproduct_cat&post=210"},{"taxonomy":"product_tag","embeddable":true,"href":"https:\/\/dev.rosabelle-lingerie.ch\/index.php?rest_route=%2Fwp%2Fv2%2Fproduct_tag&post=210"}],"curies":[{"name":"wp","href":"https:\/\/api.w.org\/{rel}","templated":true}]}}