{"id":2004,"date":"2020-12-12T10:23:21","date_gmt":"2020-12-12T10:23:21","guid":{"rendered":"https:\/\/e38kxakofh.preview.infomaniak.website\/?post_type=product&#038;p=2004"},"modified":"2023-08-11T10:25:52","modified_gmt":"2023-08-11T08:25:52","slug":"brassiere-first-soutien-copie","status":"publish","type":"product","link":"https:\/\/dev.rosabelle-lingerie.ch\/?product=brassiere-first-soutien-copie","title":{"rendered":"BRASSIERE FIRST SOUTIEN-GORGE POST-OPERATOIRE"},"content":{"rendered":"<p>Premier soutien-gorge post-op\u00e9ratoire &#8211; Soutien-gorge sp\u00e9cial &#8211; 110<br \/>\nQualit\u00e9 coton-strech souple avec fermeture avant pratique et larges supports. Dos plus haut coup\u00e9, donc les bretelles ne glissent pas.<br \/>\nId\u00e9al comme premier soutien-gorge apr\u00e8s l\u2019op\u00e9ration du sein, mais aussi tr\u00e8s populaire comme soutien-gorge loisirs. Pas de barr\u00eates lat\u00e9rales oppressantes. Sans armature.<\/p>\n<p>95% coton<\/p>\n","protected":false},"excerpt":{"rendered":"<p>PREMIER SOUTIEN-GORGE POST-OP.<\/p>\n<p>EN COTON AVEC POCHES INTERIEURES<\/p>\n<p>TAILLE XS(70cm) &#8211; S(75cm) &#8211; M(80 cm) &#8211; L (85cm) &#8211; XL (90cm)<\/p>\n","protected":false},"featured_media":4762,"comment_status":"open","ping_status":"closed","template":"","meta":[],"product_brand":[],"product_cat":[42,19],"product_tag":[182],"class_list":{"0":"post-2004","1":"product","2":"type-product","3":"status-publish","4":"has-post-thumbnail","6":"product_cat-medical","7":"product_cat-lingerie-medicale","8":"product_tag-182","9":"pa_color-white","10":"pa_color-black","11":"pa_color-skin","12":"pa_color-pink","13":"pa_sizes-l","14":"pa_sizes-m","15":"pa_sizes-s","16":"pa_sizes-xl","17":"pa_sizes-xs","18":"latest_post","20":"first","21":"instock","22":"shipping-taxable","23":"purchasable","24":"product-type-variable"},"_links":{"self":[{"href":"https:\/\/dev.rosabelle-lingerie.ch\/index.php?rest_route=\/wp\/v2\/product\/2004","targetHints":{"allow":["GET"]}}],"collection":[{"href":"https:\/\/dev.rosabelle-lingerie.ch\/index.php?rest_route=\/wp\/v2\/product"}],"about":[{"href":"https:\/\/dev.rosabelle-lingerie.ch\/index.php?rest_route=\/wp\/v2\/types\/product"}],"replies":[{"embeddable":true,"href":"https:\/\/dev.rosabelle-lingerie.ch\/index.php?rest_route=%2Fwp%2Fv2%2Fcomments&post=2004"}],"wp:featuredmedia":[{"embeddable":true,"href":"https:\/\/dev.rosabelle-lingerie.ch\/index.php?rest_route=\/wp\/v2\/media\/4762"}],"wp:attachment":[{"href":"https:\/\/dev.rosabelle-lingerie.ch\/index.php?rest_route=%2Fwp%2Fv2%2Fmedia&parent=2004"}],"wp:term":[{"taxonomy":"product_brand","embeddable":true,"href":"https:\/\/dev.rosabelle-lingerie.ch\/index.php?rest_route=%2Fwp%2Fv2%2Fproduct_brand&post=2004"},{"taxonomy":"product_cat","embeddable":true,"href":"https:\/\/dev.rosabelle-lingerie.ch\/index.php?rest_route=%2Fwp%2Fv2%2Fproduct_cat&post=2004"},{"taxonomy":"product_tag","embeddable":true,"href":"https:\/\/dev.rosabelle-lingerie.ch\/index.php?rest_route=%2Fwp%2Fv2%2Fproduct_tag&post=2004"}],"curies":[{"name":"wp","href":"https:\/\/api.w.org\/{rel}","templated":true}]}}