{"id":1994,"date":"2020-12-12T10:17:03","date_gmt":"2020-12-12T10:17:03","guid":{"rendered":"https:\/\/e38kxakofh.preview.infomaniak.website\/?post_type=product&#038;p=1994"},"modified":"2020-12-12T10:17:09","modified_gmt":"2020-12-12T10:17:09","slug":"premierre-prothese-en-mousse-apres-operation","status":"publish","type":"product","link":"https:\/\/dev.rosabelle-lingerie.ch\/?product=premierre-prothese-en-mousse-apres-operation","title":{"rendered":"PREMIERE PROTHESE EN MOUSSE APRES OPERATION"},"content":{"rendered":"<p>Premi\u00e8re proth\u00e8se en mousse particuli\u00e8rement douce , prot\u00e8ge le tissu cicatriciel sensible apr\u00e8s l&rsquo;intervention chirurgicale et pendant la radioth\u00e9rapie. Etant extr\u00eamement l\u00e9g\u00e8re, cette proth\u00e8se n&rsquo;exerce pas de pression sur la cicatrice et remplace le volume qui a \u00e9t\u00e9 retir\u00e9.<\/p>\n<p>A porter 4-6 semaines apr\u00e8s l&rsquo;op\u00e9ration. La proth\u00e8se est tenue de mani\u00e8re s\u00e9curisante dans la poche du soutien-gorge (brassi\u00e8re first)\u00a0 La mousse int\u00e9rieure peut \u00eatre adapt\u00e9e en fonction du volume.<\/p>\n<p>&nbsp;<\/p>\n<p>Ensuite on passe \u00e0 une proth\u00e8se en sicilone.<\/p>\n","protected":false},"excerpt":{"rendered":"<p>PREMIERE PROTHESE EN MOUSSE 909<\/p>\n<p>TAILLE S (75cm) M (80cm) L ( 85cm) XL (90cm) XXL (95cm) 3XL (100cm)<\/p>\n<p>&nbsp;<\/p>\n<p>&nbsp;<\/p>\n<p>&nbsp;<\/p>\n","protected":false},"featured_media":1995,"comment_status":"open","ping_status":"closed","template":"","meta":[],"product_brand":[],"product_cat":[19],"product_tag":[],"class_list":{"0":"post-1994","1":"product","2":"type-product","3":"status-publish","4":"has-post-thumbnail","6":"product_cat-lingerie-medicale","7":"pa_sizes-3xl","8":"pa_sizes-l","9":"pa_sizes-m","10":"pa_sizes-s","11":"pa_sizes-xl","12":"pa_sizes-xxl","13":"latest_post","15":"first","16":"instock","17":"shipping-taxable","18":"purchasable","19":"product-type-simple"},"_links":{"self":[{"href":"https:\/\/dev.rosabelle-lingerie.ch\/index.php?rest_route=\/wp\/v2\/product\/1994","targetHints":{"allow":["GET"]}}],"collection":[{"href":"https:\/\/dev.rosabelle-lingerie.ch\/index.php?rest_route=\/wp\/v2\/product"}],"about":[{"href":"https:\/\/dev.rosabelle-lingerie.ch\/index.php?rest_route=\/wp\/v2\/types\/product"}],"replies":[{"embeddable":true,"href":"https:\/\/dev.rosabelle-lingerie.ch\/index.php?rest_route=%2Fwp%2Fv2%2Fcomments&post=1994"}],"wp:featuredmedia":[{"embeddable":true,"href":"https:\/\/dev.rosabelle-lingerie.ch\/index.php?rest_route=\/wp\/v2\/media\/1995"}],"wp:attachment":[{"href":"https:\/\/dev.rosabelle-lingerie.ch\/index.php?rest_route=%2Fwp%2Fv2%2Fmedia&parent=1994"}],"wp:term":[{"taxonomy":"product_brand","embeddable":true,"href":"https:\/\/dev.rosabelle-lingerie.ch\/index.php?rest_route=%2Fwp%2Fv2%2Fproduct_brand&post=1994"},{"taxonomy":"product_cat","embeddable":true,"href":"https:\/\/dev.rosabelle-lingerie.ch\/index.php?rest_route=%2Fwp%2Fv2%2Fproduct_cat&post=1994"},{"taxonomy":"product_tag","embeddable":true,"href":"https:\/\/dev.rosabelle-lingerie.ch\/index.php?rest_route=%2Fwp%2Fv2%2Fproduct_tag&post=1994"}],"curies":[{"name":"wp","href":"https:\/\/api.w.org\/{rel}","templated":true}]}}