{"id":1406,"date":"2020-12-07T20:38:33","date_gmt":"2020-12-07T20:38:33","guid":{"rendered":"https:\/\/e38kxakofh.preview.infomaniak.website\/?post_type=product&#038;p=1406"},"modified":"2020-12-07T20:39:14","modified_gmt":"2020-12-07T20:39:14","slug":"soutien-gorge-de-sport-leger","status":"publish","type":"product","link":"https:\/\/dev.rosabelle-lingerie.ch\/?product=soutien-gorge-de-sport-leger","title":{"rendered":"SOUTIEN-GORGE DE SPORT LEGER"},"content":{"rendered":"<p><strong>R\u00e9f\u00e9rence article 5521<\/strong><\/p>\n<p>Le plus simple des soutiens-gorge de sport. A la fois l\u00e9ger et ferme, c&rsquo;est ainsi que se d\u00e9cline ce soutien-gorge. Des bonnets moul\u00e9s sans couture en microfibre fine, il convient \u00e0 chaque type de poitrine et assure un maintien optimal pour des sports de moyenne ou faible intensit\u00e9. Votre compagnon id\u00e9al du quotidien.<\/p>\n<p>Maintien l\u00e9ger : pilate , yoga, marche d\u00e9tente<\/p>\n","protected":false},"excerpt":{"rendered":"<p>5521 SOUTIEN-GORGE DE SPORT LEGER<\/p>\n<p>&nbsp;<\/p>\n<p>NOIR &#8211; PEAU &#8211; BLANC<\/p>\n","protected":false},"featured_media":1459,"comment_status":"open","ping_status":"closed","template":"","meta":[],"product_brand":[],"product_cat":[41,23],"product_tag":[148],"class_list":{"0":"post-1406","1":"product","2":"type-product","3":"status-publish","4":"has-post-thumbnail","6":"product_cat-lingerie","7":"product_cat-lingerie-de-sport","8":"product_tag-148","9":"pa_color-white","10":"pa_color-black","11":"pa_color-skin","12":"pa_cups-a","13":"pa_cups-b","14":"pa_cups-c","15":"pa_sizes-98","16":"pa_sizes-110","17":"pa_sizes-37","18":"pa_sizes-94","19":"pa_sizes-95","20":"pa_sizes-96","21":"pa_sizes-97","22":"latest_post","24":"first","25":"instock","26":"shipping-taxable","27":"purchasable","28":"product-type-variable"},"_links":{"self":[{"href":"https:\/\/dev.rosabelle-lingerie.ch\/index.php?rest_route=\/wp\/v2\/product\/1406","targetHints":{"allow":["GET"]}}],"collection":[{"href":"https:\/\/dev.rosabelle-lingerie.ch\/index.php?rest_route=\/wp\/v2\/product"}],"about":[{"href":"https:\/\/dev.rosabelle-lingerie.ch\/index.php?rest_route=\/wp\/v2\/types\/product"}],"replies":[{"embeddable":true,"href":"https:\/\/dev.rosabelle-lingerie.ch\/index.php?rest_route=%2Fwp%2Fv2%2Fcomments&post=1406"}],"wp:featuredmedia":[{"embeddable":true,"href":"https:\/\/dev.rosabelle-lingerie.ch\/index.php?rest_route=\/wp\/v2\/media\/1459"}],"wp:attachment":[{"href":"https:\/\/dev.rosabelle-lingerie.ch\/index.php?rest_route=%2Fwp%2Fv2%2Fmedia&parent=1406"}],"wp:term":[{"taxonomy":"product_brand","embeddable":true,"href":"https:\/\/dev.rosabelle-lingerie.ch\/index.php?rest_route=%2Fwp%2Fv2%2Fproduct_brand&post=1406"},{"taxonomy":"product_cat","embeddable":true,"href":"https:\/\/dev.rosabelle-lingerie.ch\/index.php?rest_route=%2Fwp%2Fv2%2Fproduct_cat&post=1406"},{"taxonomy":"product_tag","embeddable":true,"href":"https:\/\/dev.rosabelle-lingerie.ch\/index.php?rest_route=%2Fwp%2Fv2%2Fproduct_tag&post=1406"}],"curies":[{"name":"wp","href":"https:\/\/api.w.org\/{rel}","templated":true}]}}