{"id":2065,"date":"2020-12-12T22:27:38","date_gmt":"2020-12-12T22:27:38","guid":{"rendered":"https:\/\/e38kxakofh.preview.infomaniak.website\/?page_id=2065"},"modified":"2025-01-17T10:14:45","modified_gmt":"2025-01-17T09:14:45","slug":"mentions-legales","status":"publish","type":"page","link":"https:\/\/dev.rosabelle-lingerie.ch\/?page_id=2065","title":{"rendered":"Mentions l\u00e9gales"},"content":{"rendered":"\n<h2 class=\"wp-block-heading\">Responsable du contenu des pages<\/h2>\n\n\n\n<p>ROSABELLE CARE SARL<\/p>\n\n\n\n<p>Bd de Perolles 20 &#8211; 1700 Fribourg  <\/p>\n\n\n\n<p><br><\/p>\n\n\n\n<h2 class=\"wp-block-heading\">Cr\u00e9ation de site internet<\/h2>\n\n\n\n<p>Ernst Technology  <\/p>\n\n\n\n<p>IT &amp; creativity<\/p>\n\n\n\n<h2 class=\"wp-block-heading\">D\u00e9gagement de responsabilit\u00e9<\/h2>\n\n\n\n<p class=\"has-text-align-center\">Nous nous r\u00e9servons le droit de modifier \u00e0 tout moment, et sans pr\u00e9avis, le contenu du site web afin d&rsquo;actualiser les produits y figurant.<\/p>\n\n\n\n<p class=\"has-text-align-center\">En cas de contenus ill\u00e9gaux, erron\u00e9s ou incomplets, et notamment en cas de dommages r\u00e9sultant de l&rsquo;utilisation non v\u00e9rifi\u00e9e de contenus pr\u00e9sents sur des pages li\u00e9es, seul le fournisseur de ces pages peut \u00eatre tenu pour responsable. <\/p>\n","protected":false},"excerpt":{"rendered":"<p>Responsable du contenu des pages ROSABELLE CARE SARL Bd de Perolles 20 &#8211; 1700 Fribourg Cr\u00e9ation de site internet Ernst Technology IT &amp; creativity D\u00e9gagement de responsabilit\u00e9 Nous nous r\u00e9servons le droit de modifier \u00e0 tout moment, et sans pr\u00e9avis, le contenu du site web afin d&rsquo;actualiser les produits y figurant. En cas de contenus &hellip; <\/p>\n","protected":false},"author":1,"featured_media":0,"parent":0,"menu_order":0,"comment_status":"closed","ping_status":"closed","template":"","meta":{"footnotes":""},"class_list":["post-2065","page","type-page","status-publish","hentry","latest_post"],"_links":{"self":[{"href":"https:\/\/dev.rosabelle-lingerie.ch\/index.php?rest_route=\/wp\/v2\/pages\/2065","targetHints":{"allow":["GET"]}}],"collection":[{"href":"https:\/\/dev.rosabelle-lingerie.ch\/index.php?rest_route=\/wp\/v2\/pages"}],"about":[{"href":"https:\/\/dev.rosabelle-lingerie.ch\/index.php?rest_route=\/wp\/v2\/types\/page"}],"author":[{"embeddable":true,"href":"https:\/\/dev.rosabelle-lingerie.ch\/index.php?rest_route=\/wp\/v2\/users\/1"}],"replies":[{"embeddable":true,"href":"https:\/\/dev.rosabelle-lingerie.ch\/index.php?rest_route=%2Fwp%2Fv2%2Fcomments&post=2065"}],"version-history":[{"count":5,"href":"https:\/\/dev.rosabelle-lingerie.ch\/index.php?rest_route=\/wp\/v2\/pages\/2065\/revisions"}],"predecessor-version":[{"id":5944,"href":"https:\/\/dev.rosabelle-lingerie.ch\/index.php?rest_route=\/wp\/v2\/pages\/2065\/revisions\/5944"}],"wp:attachment":[{"href":"https:\/\/dev.rosabelle-lingerie.ch\/index.php?rest_route=%2Fwp%2Fv2%2Fmedia&parent=2065"}],"curies":[{"name":"wp","href":"https:\/\/api.w.org\/{rel}","templated":true}]}}