{"id":2058,"date":"2020-12-12T22:24:15","date_gmt":"2020-12-12T22:24:15","guid":{"rendered":"https:\/\/e38kxakofh.preview.infomaniak.website\/?page_id=2058"},"modified":"2025-12-18T10:08:07","modified_gmt":"2025-12-18T09:08:07","slug":"nos-partenaires","status":"publish","type":"page","link":"https:\/\/dev.rosabelle-lingerie.ch\/?page_id=2058","title":{"rendered":"Notre histoire"},"content":{"rendered":"\n<h5 class=\"wp-block-heading\"><strong>\u00c9v\u00e8nements importants<\/strong><\/h5>\n\n\n\n<ul class=\"wp-block-list\">\n<li>2015 Ouverture d&rsquo;un magasin sp\u00e9cialis\u00e9 au centre de Fribourg en lingerie fine et m\u00e9dicale par Isabelle Th\u00e9lin<\/li>\n\n\n\n<li>2018 La cr\u00e9ation de la soci\u00e9t\u00e9 individuelle RosaBelle Care, Isabelle THELIN.<\/li>\n\n\n\n<li>2020 D\u00e9m\u00e9nagement du magasin sur le boulevard de P\u00e9rolles 20 \u00e0 Fribourg<\/li>\n\n\n\n<li>2021 Cr\u00e9ation de la SARL, nomm\u00e9e RosaBelle Care S\u00e0rl<\/li>\n\n\n\n<li>2025 RosaBelle Care S\u00e0rl, lingerie fine &amp; m\u00e9dicale f\u00eate ses 10 ans en mai \n<ul class=\"wp-block-list\">\n<li> Afin de transmettre notre savoir faire, RosaBelle Care S\u00e0rl a engag\u00e9e une nouvelle collaboratrice, Coralie Liger actuellement en formation dans la lingerie m\u00e9dicale<\/li>\n<\/ul>\n<\/li>\n<\/ul>\n\n\n\n<h5 class=\"wp-block-heading\"><strong><strong>Nos atouts<\/strong><\/strong><\/h5>\n\n\n\n<ul class=\"wp-block-list\">\n<li>Un personnel sp\u00e9cialis\u00e9 dans la lingerie m\u00e9dicale apr\u00e8s op\u00e9ration \/ ablation mammaire \/ r\u00e9duction \/ augmentation<\/li>\n\n\n\n<li>Un temps consacr\u00e9 rien qu&rsquo;\u00e0 vous et une \u00e9coute attentive<\/li>\n\n\n\n<li>Des conseils personnalis\u00e9s<\/li>\n\n\n\n<li>Des marques connues et reconnues dans la lingerie fine, m\u00e9dicale et dans le baln\u00e9aire<\/li>\n\n\n\n<li>Un large choix de mod\u00e8les et commandes possibles<\/li>\n\n\n\n<li>Des maillots de bain toute l\u2019ann\u00e9e<\/li>\n<\/ul>\n\n\n\n<figure class=\"wp-block-gallery has-nested-images columns-default is-cropped wp-block-gallery-1 is-layout-flex wp-block-gallery-is-layout-flex\">\n<figure class=\"wp-block-image size-large\"><img loading=\"lazy\" decoding=\"async\" width=\"945\" height=\"944\" data-id=\"6461\" src=\"https:\/\/dev.rosabelle-lingerie.ch\/wp-content\/uploads\/2025\/12\/pro-I4m6JlHI-edited.jpeg\" alt=\"\" class=\"wp-image-6461\" srcset=\"https:\/\/dev.rosabelle-lingerie.ch\/wp-content\/uploads\/2025\/12\/pro-I4m6JlHI-edited.jpeg 945w, https:\/\/dev.rosabelle-lingerie.ch\/wp-content\/uploads\/2025\/12\/pro-I4m6JlHI-edited-300x300.jpeg 300w, https:\/\/dev.rosabelle-lingerie.ch\/wp-content\/uploads\/2025\/12\/pro-I4m6JlHI-edited-150x150.jpeg 150w, https:\/\/dev.rosabelle-lingerie.ch\/wp-content\/uploads\/2025\/12\/pro-I4m6JlHI-edited-768x767.jpeg 768w, https:\/\/dev.rosabelle-lingerie.ch\/wp-content\/uploads\/2025\/12\/pro-I4m6JlHI-edited-860x860.jpeg 860w, https:\/\/dev.rosabelle-lingerie.ch\/wp-content\/uploads\/2025\/12\/pro-I4m6JlHI-edited-600x599.jpeg 600w, https:\/\/dev.rosabelle-lingerie.ch\/wp-content\/uploads\/2025\/12\/pro-I4m6JlHI-edited-100x100.jpeg 100w\" sizes=\"auto, (max-width: 945px) 100vw, 945px\" \/><\/figure>\n\n\n\n<figure class=\"wp-block-image size-large\"><img loading=\"lazy\" decoding=\"async\" width=\"1024\" height=\"576\" data-id=\"6471\" src=\"https:\/\/dev.rosabelle-lingerie.ch\/wp-content\/uploads\/2025\/12\/pro-Psr9ItLT-1024x576.jpeg\" alt=\"\" class=\"wp-image-6471\" srcset=\"https:\/\/dev.rosabelle-lingerie.ch\/wp-content\/uploads\/2025\/12\/pro-Psr9ItLT-1024x576.jpeg 1024w, https:\/\/dev.rosabelle-lingerie.ch\/wp-content\/uploads\/2025\/12\/pro-Psr9ItLT-300x169.jpeg 300w, https:\/\/dev.rosabelle-lingerie.ch\/wp-content\/uploads\/2025\/12\/pro-Psr9ItLT-768x432.jpeg 768w, https:\/\/dev.rosabelle-lingerie.ch\/wp-content\/uploads\/2025\/12\/pro-Psr9ItLT-1536x864.jpeg 1536w, https:\/\/dev.rosabelle-lingerie.ch\/wp-content\/uploads\/2025\/12\/pro-Psr9ItLT-2048x1152.jpeg 2048w, https:\/\/dev.rosabelle-lingerie.ch\/wp-content\/uploads\/2025\/12\/pro-Psr9ItLT-600x338.jpeg 600w\" sizes=\"auto, (max-width: 1024px) 100vw, 1024px\" \/><\/figure>\n\n\n\n<figure class=\"wp-block-image size-large\"><img loading=\"lazy\" decoding=\"async\" width=\"768\" height=\"1024\" data-id=\"6475\" src=\"https:\/\/dev.rosabelle-lingerie.ch\/wp-content\/uploads\/2025\/12\/pro-NIgt5OqN-768x1024.jpeg\" alt=\"\" class=\"wp-image-6475\" srcset=\"https:\/\/dev.rosabelle-lingerie.ch\/wp-content\/uploads\/2025\/12\/pro-NIgt5OqN-768x1024.jpeg 768w, https:\/\/dev.rosabelle-lingerie.ch\/wp-content\/uploads\/2025\/12\/pro-NIgt5OqN-225x300.jpeg 225w, https:\/\/dev.rosabelle-lingerie.ch\/wp-content\/uploads\/2025\/12\/pro-NIgt5OqN-1152x1536.jpeg 1152w, https:\/\/dev.rosabelle-lingerie.ch\/wp-content\/uploads\/2025\/12\/pro-NIgt5OqN-1536x2048.jpeg 1536w, https:\/\/dev.rosabelle-lingerie.ch\/wp-content\/uploads\/2025\/12\/pro-NIgt5OqN-600x800.jpeg 600w, https:\/\/dev.rosabelle-lingerie.ch\/wp-content\/uploads\/2025\/12\/pro-NIgt5OqN-scaled.jpeg 1921w\" sizes=\"auto, (max-width: 768px) 100vw, 768px\" \/><\/figure>\n\n\n\n<figure class=\"wp-block-image size-large\"><img loading=\"lazy\" decoding=\"async\" width=\"1024\" height=\"768\" data-id=\"6474\" src=\"https:\/\/dev.rosabelle-lingerie.ch\/wp-content\/uploads\/2025\/12\/pro-D0qRZSUG-1024x768.jpeg\" alt=\"\" class=\"wp-image-6474\" srcset=\"https:\/\/dev.rosabelle-lingerie.ch\/wp-content\/uploads\/2025\/12\/pro-D0qRZSUG-1024x768.jpeg 1024w, https:\/\/dev.rosabelle-lingerie.ch\/wp-content\/uploads\/2025\/12\/pro-D0qRZSUG-300x225.jpeg 300w, https:\/\/dev.rosabelle-lingerie.ch\/wp-content\/uploads\/2025\/12\/pro-D0qRZSUG-768x576.jpeg 768w, https:\/\/dev.rosabelle-lingerie.ch\/wp-content\/uploads\/2025\/12\/pro-D0qRZSUG-1536x1152.jpeg 1536w, https:\/\/dev.rosabelle-lingerie.ch\/wp-content\/uploads\/2025\/12\/pro-D0qRZSUG-2048x1536.jpeg 2048w, https:\/\/dev.rosabelle-lingerie.ch\/wp-content\/uploads\/2025\/12\/pro-D0qRZSUG-829x623.jpeg 829w, https:\/\/dev.rosabelle-lingerie.ch\/wp-content\/uploads\/2025\/12\/pro-D0qRZSUG-600x450.jpeg 600w\" sizes=\"auto, (max-width: 1024px) 100vw, 1024px\" \/><figcaption class=\"wp-element-caption\">Notre stand install\u00e9 dans diff\u00e9rents campings durant l&rsquo;\u00e9t\u00e9, \u00e0 des dates pr\u00e9d\u00e9finies <\/figcaption><\/figure>\n<\/figure>\n\n\n\n<blockquote class=\"wp-block-quote is-layout-flow wp-block-quote-is-layout-flow\">\n<p><strong>Le 30% des femmes ne<\/strong> <strong>connaissent pas leur taille de lingerie, faites-nous confiance et vous saurez !<\/strong><\/p>\n<\/blockquote>\n\n\n\n<p><strong>LIVRE D&rsquo;OR<\/strong><\/p>\n\n\n\n<p><strong>16.06.2021 <\/strong><\/p>\n\n\n\n<p>Un mot pour vous remercier de vos conseils et de votre \u00e9coute. Je suis tr\u00e8s contente de mes derniers achats et la diff\u00e9rence est vraiment tr\u00e8s sensible. Bon \u00e9t\u00e9 maintenant que le soleil nous invite aux baignades. Tr\u00e8s cordialement . Mme Y.C. <\/p>\n\n\n\n<p><strong>14.06.2021<\/strong><\/p>\n\n\n\n<p>Un grand merci pour ce magasin en ville de Fribourg. Je suis tr\u00e8s heureuse de pouvoir trouver des soutiens-gorge de qualit\u00e9 sans armature et des conseils par des conseill\u00e8res de RosaBelle lingerie. Mme Yerli<\/p>\n\n\n\n<p><strong>15.10.2022<\/strong><\/p>\n\n\n\n<p>Je suis venu l&rsquo;\u00e9t\u00e9 pass\u00e9 pour acheter un ensemble de lingerie \u00e0 ma copine qui est en Espagne et elle a ador\u00e9. Un grand merci. Monsieur M. <\/p>\n\n\n\n<p><strong>15.08.2023<\/strong><\/p>\n\n\n\n<p>Merci pour votre envoi, trop bien , je l\u2019ai re\u00e7u ce matin , c\u2019est parfait .<\/p>\n\n\n\n<p>Mille merci&#8230; Mme Robert<\/p>\n\n\n\n<p><strong>Septembre 2025<\/strong><\/p>\n\n\n\n<p>Ch\u00e8re Madame Th\u00e9lin, \u00ab\u00a0Toute une vie c&rsquo;est beaucoup de choses mais il faut surtout la voir en Rose\u00a0\u00bb. F\u00e9licitations pour vos 10 ans d&rsquo;Actions, passions et tellement + encore. Mme Roder Genevi\u00e8ve<\/p>\n","protected":false},"excerpt":{"rendered":"<p>\u00c9v\u00e8nements importants Nos atouts Le 30% des femmes ne connaissent pas leur taille de lingerie, faites-nous confiance et vous saurez ! LIVRE D&rsquo;OR 16.06.2021 Un mot pour vous remercier de vos conseils et de votre \u00e9coute. Je suis tr\u00e8s contente de mes derniers achats et la diff\u00e9rence est vraiment tr\u00e8s sensible. Bon \u00e9t\u00e9 maintenant que &hellip; <\/p>\n","protected":false},"author":1,"featured_media":0,"parent":0,"menu_order":0,"comment_status":"closed","ping_status":"closed","template":"","meta":{"footnotes":""},"class_list":["post-2058","page","type-page","status-publish","hentry","latest_post"],"_links":{"self":[{"href":"https:\/\/dev.rosabelle-lingerie.ch\/index.php?rest_route=\/wp\/v2\/pages\/2058","targetHints":{"allow":["GET"]}}],"collection":[{"href":"https:\/\/dev.rosabelle-lingerie.ch\/index.php?rest_route=\/wp\/v2\/pages"}],"about":[{"href":"https:\/\/dev.rosabelle-lingerie.ch\/index.php?rest_route=\/wp\/v2\/types\/page"}],"author":[{"embeddable":true,"href":"https:\/\/dev.rosabelle-lingerie.ch\/index.php?rest_route=\/wp\/v2\/users\/1"}],"replies":[{"embeddable":true,"href":"https:\/\/dev.rosabelle-lingerie.ch\/index.php?rest_route=%2Fwp%2Fv2%2Fcomments&post=2058"}],"version-history":[{"count":30,"href":"https:\/\/dev.rosabelle-lingerie.ch\/index.php?rest_route=\/wp\/v2\/pages\/2058\/revisions"}],"predecessor-version":[{"id":6506,"href":"https:\/\/dev.rosabelle-lingerie.ch\/index.php?rest_route=\/wp\/v2\/pages\/2058\/revisions\/6506"}],"wp:attachment":[{"href":"https:\/\/dev.rosabelle-lingerie.ch\/index.php?rest_route=%2Fwp%2Fv2%2Fmedia&parent=2058"}],"curies":[{"name":"wp","href":"https:\/\/api.w.org\/{rel}","templated":true}]}}