{"id":2056,"date":"2020-12-12T22:16:14","date_gmt":"2020-12-12T22:16:14","guid":{"rendered":"https:\/\/e38kxakofh.preview.infomaniak.website\/?page_id=2056"},"modified":"2022-09-03T10:20:28","modified_gmt":"2022-09-03T08:20:28","slug":"bons","status":"publish","type":"page","link":"https:\/\/dev.rosabelle-lingerie.ch\/?page_id=2056","title":{"rendered":"CHEQUE D&rsquo;ACHAT"},"content":{"rendered":"\n<p>Chez <strong>RosaBelle lingerie<\/strong> vous pouvez aussi faire plaisir on offrant un bon cadeau ! <\/p>\n\n\n\n<h4 class=\"wp-block-heading\">VOUS CHOISISSEZ LE MONTANT, IL SE PR\u00c9SENTE SOUS LA FORME&nbsp;D\u2019UN BON CADEAU AVEC ENVELOPPE ET CATALOGUES DE LINGERIE !<\/h4>\n\n\n\n<p>Les bons d&rsquo;achat de valeurs allant entre Fr. 20.- et Fr. 200.-<br>Pour des sommes diff\u00e9rentes, merci de l&rsquo;indiquer s&rsquo;il vous pla\u00eet par courriel \u00e0 rosabelle.lingerie@bluewin.ch <\/p>\n\n\n\n<p>Attention &#8211; exp\u00e9dition en Suisse seulement &#8211; et uniquement avec PAIEMENT D&rsquo;AVANCE PAR CARTE BANCAIRE !<\/p>\n\n\n\n<p>Notre magasin RosaBelle lingerie : 026\/322.55.00<\/p>\n\n\n\n<p>Indiquez-nous le montant d\u00e9sir\u00e9 et vous envoyons votre bon cadeau   !                                                             <img loading=\"lazy\" decoding=\"async\" width=\"500\" height=\"500\" class=\"wp-image-224\" style=\"width: 400px\" src=\"https:\/\/e38kxakofh.preview.infomaniak.website\/wp-content\/uploads\/2020\/12\/image-fleurs-et-ordi.jpg\" alt=\"\" srcset=\"https:\/\/dev.rosabelle-lingerie.ch\/wp-content\/uploads\/2020\/12\/image-fleurs-et-ordi.jpg 500w, https:\/\/dev.rosabelle-lingerie.ch\/wp-content\/uploads\/2020\/12\/image-fleurs-et-ordi-300x300.jpg 300w, https:\/\/dev.rosabelle-lingerie.ch\/wp-content\/uploads\/2020\/12\/image-fleurs-et-ordi-150x150.jpg 150w, https:\/\/dev.rosabelle-lingerie.ch\/wp-content\/uploads\/2020\/12\/image-fleurs-et-ordi-100x100.jpg 100w\" sizes=\"auto, (max-width: 500px) 100vw, 500px\" \/><\/p>\n\n\n\n<p><\/p>\n\n\n","protected":false},"excerpt":{"rendered":"<p>Chez RosaBelle lingerie vous pouvez aussi faire plaisir on offrant un bon cadeau ! VOUS CHOISISSEZ LE MONTANT, IL SE PR\u00c9SENTE SOUS LA FORME&nbsp;D\u2019UN BON CADEAU AVEC ENVELOPPE ET CATALOGUES DE LINGERIE ! Les bons d&rsquo;achat de valeurs allant entre Fr. 20.- et Fr. 200.-Pour des sommes diff\u00e9rentes, merci de l&rsquo;indiquer s&rsquo;il vous pla\u00eet par &hellip; <\/p>\n","protected":false},"author":1,"featured_media":0,"parent":0,"menu_order":0,"comment_status":"closed","ping_status":"closed","template":"","meta":{"footnotes":""},"class_list":["post-2056","page","type-page","status-publish","hentry","latest_post"],"_links":{"self":[{"href":"https:\/\/dev.rosabelle-lingerie.ch\/index.php?rest_route=\/wp\/v2\/pages\/2056","targetHints":{"allow":["GET"]}}],"collection":[{"href":"https:\/\/dev.rosabelle-lingerie.ch\/index.php?rest_route=\/wp\/v2\/pages"}],"about":[{"href":"https:\/\/dev.rosabelle-lingerie.ch\/index.php?rest_route=\/wp\/v2\/types\/page"}],"author":[{"embeddable":true,"href":"https:\/\/dev.rosabelle-lingerie.ch\/index.php?rest_route=\/wp\/v2\/users\/1"}],"replies":[{"embeddable":true,"href":"https:\/\/dev.rosabelle-lingerie.ch\/index.php?rest_route=%2Fwp%2Fv2%2Fcomments&post=2056"}],"version-history":[{"count":7,"href":"https:\/\/dev.rosabelle-lingerie.ch\/index.php?rest_route=\/wp\/v2\/pages\/2056\/revisions"}],"predecessor-version":[{"id":4338,"href":"https:\/\/dev.rosabelle-lingerie.ch\/index.php?rest_route=\/wp\/v2\/pages\/2056\/revisions\/4338"}],"wp:attachment":[{"href":"https:\/\/dev.rosabelle-lingerie.ch\/index.php?rest_route=%2Fwp%2Fv2%2Fmedia&parent=2056"}],"curies":[{"name":"wp","href":"https:\/\/api.w.org\/{rel}","templated":true}]}}