{"id":2030,"date":"2020-12-12T13:55:08","date_gmt":"2020-12-12T13:55:08","guid":{"rendered":"https:\/\/e38kxakofh.preview.infomaniak.website\/?page_id=2030"},"modified":"2025-05-21T10:04:29","modified_gmt":"2025-05-21T08:04:29","slug":"lingerie-medicale","status":"publish","type":"page","link":"https:\/\/dev.rosabelle-lingerie.ch\/?page_id=2030","title":{"rendered":"Lingerie m\u00e9dicale"},"content":{"rendered":"\n<h4 class=\"wp-block-heading\"> <strong><span class=\"has-inline-color has-vivid-purple-color\"> <\/span><\/strong> <strong><span class=\"has-inline-color has-vivid-purple-color\"> <\/span><\/strong><img loading=\"lazy\" decoding=\"async\" width=\"116\" height=\"124\" class=\"wp-image-22\" style=\"width: 100px\" src=\"https:\/\/dev.rosabelle-lingerie.ch\/wp-content\/uploads\/2020\/11\/logo-Rosabelle-R.png\" alt=\"\"> Chaque femme est unique\u2026 sa poitrine aussi&nbsp;!<\/h4>\n\n\n\n<p>Chez RosaBelle lingerie nous prenons le temps de vous \u00e9couter, d&rsquo;\u00e9couter votre parcours, de vous conseiller au mieux en tenant compte de vos crit\u00e8res. Nous vous proposons deux rendez-vous. Le premier juste apr\u00e8s l&rsquo;op\u00e9ration pour l&rsquo;application de la premi\u00e8re proth\u00e8se textile et du premier soutien-gorge post-op\u00e9ratoire.&nbsp;<\/p>\n\n\n\n<p>Le deuxi\u00e8me rendez-vous intervient 4-6 semaines plus tard, pour l&rsquo;application de la proth\u00e8se d\u00e9finitive en silicone.&nbsp;<\/p>\n\n\n\n<p><strong>Prenez avec vous votre carte d&rsquo;assurance maladie, l&rsquo;ordonnance de votre m\u00e9decin, la d\u00e9cision de l&rsquo;Office AI (si vous en avez une) !<\/strong><\/p>\n\n\n\n<p>En Suisse, toutes les femmes touch\u00e9es par un cancer du sein ont droit \u00e0 de la lingerie m\u00e9dicale. Avant l&rsquo;\u00e2ge de 65 ans, c&rsquo;est l&rsquo;Office AI qui prend en charge et apr\u00e8s 65 ans c&rsquo;est votre assurance maladie qui va prendre en charge une partie du co\u00fbt de la proth\u00e8se et du soutien-gorge m\u00e9dical ainsi que l&rsquo;application de la proth\u00e8se mammaire. <\/p>\n\n\n\n<p><strong>Pour votre information <\/strong><\/p>\n\n\n\n<p><strong>Jusqu&rsquo;\u00e0 65 ans : L&rsquo;Office AI prend en charge chaque ann\u00e9e chf 400.00 pour une nouvelle exo-proth\u00e8se de sein et chf 100.00 pour un soutien-gorge m\u00e9dical ou une participation pour un maillot de bain  m\u00e9dical. <\/strong><\/p>\n\n\n\n<p><strong>Si l&rsquo;op\u00e9ration a lieu apr\u00e8s 65 ans : C&rsquo;est l&rsquo;assurance maladie qui prendra en charge par ann\u00e9e chf 190.00 pour une exo-proth\u00e8se de sein et chf 100.00 pour un soutien-gorge m\u00e9dical.<\/strong><\/p>\n\n\n\n<p><strong>L&rsquo;assurance prend \u00e9galement en charge les frais de la premi\u00e8re application de la proth\u00e8se \u00e0 raison de chf 142.50. D\u00e8s la deuxi\u00e8me ann\u00e9e, la prise en charge de l&rsquo;application de la proth\u00e8se est de chf 37.50. Chez RosaBelle lingerie le co\u00fbt du rendez-vous m\u00e9dical avec prise des mesures, dossier m\u00e9dical et facturation par la caisse des m\u00e9decins est de chf 70.00 par ann\u00e9e. <\/strong><\/p>\n\n\n\n<p>Les rendez-vous m\u00e9dicaux sont agend\u00e9s avec Mme Isabelle THELIN, sp\u00e9cialiste HES-TEC au 026\/322.55.00 ou au 079\/790.07.39. Les consultations m\u00e9dicales sont agend\u00e9es le mardi-jeudi-vendredi. Le rendez-vous m\u00e9dical est factur\u00e9 au prix de chf 70.00. Il comprend la consultation, prise des mesures, dossier m\u00e9dical et facturation et ceci une fois par ann\u00e9e.<\/p>\n\n\n\n<p>Suite \u00e0 ce rendez-vous, vous recevrez une facture de la caisse des m\u00e9decins qui comprend, la consultation et votre lingerie m\u00e9dicale. Nous vous laisserons le soin de l&rsquo;envoyer directement \u00e0 votre assurance maladie avec l&rsquo;ordonnance de votre m\u00e9decin pour le remboursement selon les conditions lamal. <\/p>\n\n\n\n<p>_____________________________________________________________________________________________________________<\/p>\n\n\n\n<p>Votre morphologie change en fonction de l\u2019\u00e2ge, des traitements, de l\u2019alimentation et du niveau d\u2019activit\u00e9 physique.&nbsp; RosaBelle lingerie vous contactera chaque ann\u00e9e pour reprendre vos mesures et \u00e9valuer ensemble vos besoins lors d\u2019un rendez-vous personnalis\u00e9. L\u2019essentiel pour nous est de recr\u00e9er votre silhouette naturelle de fa\u00e7on \u00e0 vous sentir \u00e9quilibr\u00e9e, \u00e0 l\u2019aise et s\u00fbre de vous.<\/p>\n\n\n\n<h4 class=\"wp-block-heading\">Que dois-je faire&nbsp;?<\/h4>\n\n\n\n<ul class=\"wp-block-list\">\n<li>Pr\u00e9voyez une heure pour les mesures et l\u2019application.<\/li>\n\n\n\n<li>N\u2019h\u00e9sitez pas \u00e0 faire part de votre ressenti \u00e0 l\u2019applicatrice lors de l\u2019essayage. Si vous ne vous sentez pas \u00e0 l\u2019aise, dites-le lui.<\/li>\n\n\n\n<li>N\u2019oubliez pas de poser des questions sur l\u2019entretien de la proth\u00e8se, les indications d\u2019utilisation et les accessoires dont vous pourriez avoir besoin.<\/li>\n<\/ul>\n\n\n\n<h4 class=\"wp-block-heading\">Comment se passe la prise de mesures ?<\/h4>\n\n\n\n<p>Tout d\u2019abord, votre intimit\u00e9 est pr\u00e9serv\u00e9e dans une cabine qui a \u00e9t\u00e9 d\u00e9sinfect\u00e9e. Apr\u00e8s vous avoir pos\u00e9 quelques questions sur l&rsquo;ant\u00e9riorit\u00e9 de votre op\u00e9ration et&nbsp;sur votre mode de vie, nous v\u00e9rifions la qualit\u00e9 de la peau sur la zone op\u00e9r\u00e9e afin de s\u2019assurer que les tissus se sont bien cicatris\u00e9s. Si vous portez d\u00e9j\u00e0 une proth\u00e8se,&nbsp;nous vous demanderons&nbsp;comment vous vous sentez avec elle&nbsp;et adapterons votre prochaine solution en fonction de vos besoins et ressenti.<\/p>\n\n\n\n<p><strong>Nous avons aussi une couturi\u00e8re qui peut modifier un soutien-gorge ou le doubler avec du coton pour un confort optimal du c\u00f4t\u00e9 op\u00e9r\u00e9.<\/strong><\/p>\n\n\n\n<h5 class=\"wp-block-heading\">Les 3 \u00e9tapes du choix de la proth\u00e8se :<\/h5>\n\n\n\n<p>Les proth\u00e8ses de sein sont taill\u00e9es avec un chiffre, qui correspond \u00e0 la grandeur du sein naturel.<\/p>\n\n\n\n<h6 class=\"wp-block-heading\">1\u00e8re&nbsp;\u00e9tape : choix du galbe<\/h6>\n\n\n\n<p>Il se fait en fonction du sein non op\u00e9r\u00e9.<\/p>\n\n\n\n<p>(1) peu profond \/&nbsp; &nbsp; &nbsp; &nbsp; (2) moyen \/&nbsp; &nbsp; &nbsp; &nbsp;(3) profond<\/p>\n\n\n\n<h6 class=\"wp-block-heading\">2\u00e8me \u00e9tape : choix de la forme<\/h6>\n\n\n\n<p>Il se fait \u00e9galement en fonction du sein restant<br><br>(S) Sym\u00e9trique \/ (A) Asym\u00e9trique \/<\/p>\n\n\n\n<figure class=\"wp-block-image\"><img decoding=\"async\" src=\"https:\/\/www.amoena.com\/Images\/Article\/breast-form-fitting-guide-2-FR.jpg\" alt=\"Application des proth\u00e8ses mammaires\" \/><\/figure>\n\n\n\n<p>En g\u00e9n\u00e9ral, une forme sym\u00e9trique convient mieux en cas de mastectomie sans curage axillaire tandis qu\u2019une proth\u00e8se asym\u00e9trique est recommand\u00e9e en cas d\u2019ablation d&rsquo;un grand nombre de ganglions lymphatiques ou de tissus sous les aisselles.<\/p>\n\n\n\n<h6 class=\"wp-block-heading\">3\u00e8me \u00e9tape : choix de la taille<\/h6>\n\n\n\n<p>Votre applicatrice sp\u00e9cialis\u00e9e prendra vos mensurations afin de conna\u00eetre votre taille de soutien-gorge pour ensuite d\u00e9terminer la taille de votre proth\u00e8se. La taille du soutien-gorge est cruciale \u00e0 l\u2019\u00e9quilibre et au naturel de votre silhouette, c\u2019est une \u00e9tape vraiment importante.&nbsp;Tout essayage de proth\u00e8se doit se faire avec une lingerie neuve con\u00e7ue pour le port de la proth\u00e8se.<\/p>\n\n\n\n<p>Dans l\u2019exemple pr\u00e9sent\u00e9, vous pouvez voir qu\u2019un 90B correspond \u00e0 une proth\u00e8se en taille 4.<br><br>&nbsp;&nbsp;<\/p>\n\n\n\n<figure class=\"wp-block-image\"><img decoding=\"async\" src=\"https:\/\/www.amoena.com\/Images\/Article\/breast-form-fitting-guide-3-FR.jpg\" alt=\"Application des proth\u00e8ses mammaires\" \/><\/figure>\n\n\n\n<p>A partir de ces 3 \u00e9tapes, l\u2019applicatrice a maintenant toutes les informations n\u00e9cessaires pour vous aider \u00e0 trouver la proth\u00e8se qu\u2019il vous faut.<\/p>\n\n\n\n<figure class=\"wp-block-image\"><img decoding=\"async\" src=\"https:\/\/www.amoena.com\/Images\/Article\/breast-form-fitting-guide-4-FR.jpg\" alt=\"Application des proth\u00e8ses mammaires\" \/><\/figure>\n\n\n\n<p>Important :&nbsp;gardez \u00e0 l\u2019esprit que ces tableaux de tailles sont de simples lignes directrices \u00e0 utiliser comme point de d\u00e9part pour orienter l\u2019applicatrice sp\u00e9cialis\u00e9e. Seul l\u2019essayage permettra de s\u2019assurer de la solution qui vous convient.<\/p>\n\n\n\n<h3 class=\"wp-block-heading\">Est-ce que j\u2019ai vraiment besoin d\u2019un soutien-gorge sp\u00e9cifique ?<\/h3>\n\n\n\n<p>Tendances et f\u00e9minins, les soutiens-gorge avec poches int\u00e9gr\u00e9es permettent de maintenir en place une proth\u00e8se ou un compl\u00e9ment. Lorsque vous portez un soutien-gorge traditionnel, il n\u2019offre pas la s\u00e9curit\u00e9 que procure un soutien-gorge \u00e0 poches. Nous vous recommandons donc fortement le port d&rsquo;un soutien-gorge adapt\u00e9,  y compris avec les proth\u00e8ses adh\u00e9rentes.<\/p>\n\n\n\n<p><a href=\"https:\/\/www.amoena.com\/fr\/lingerie\">Trouver un soutien-gorge avec poches pour bien maintenir votre proth\u00e8se<\/a><\/p>\n\n\n\n<p class=\"has-text-align-left\">Nous travaillons avec&nbsp;<strong>Anita<\/strong>, <strong>Amoena, Zbra <\/strong>et&nbsp;<strong>ABC<\/strong>&nbsp;<strong>breast care<\/strong>&nbsp;pour le bien-\u00eatre des dames op\u00e9r\u00e9es d&rsquo;un cancer du sein.<strong> Apr\u00e8s une ablation, une reconstruction, une diminution ou augmentation mammaire. <\/strong><\/p>\n\n\n\n<p class=\"has-text-align-left\">Ces quatre&nbsp;marques&nbsp;ont cr\u00e9\u00e9&nbsp;des sous-v\u00eatements m\u00e9dicaux&nbsp; \u00e9tudi\u00e9s pour votre confort, partant du mod\u00e8le post-op\u00e9ratoire,&nbsp;aux soutien-gorges adapt\u00e9s&nbsp;pour la radioth\u00e9rapie, des mod\u00e8les pour tous les jours lisses&nbsp;ou avec dentelles.<\/p>\n\n\n\n<p class=\"has-text-align-left\">Anita, Amoena  et ABC&nbsp;fabriquent \u00e9galement diff\u00e9rents mod\u00e8les de proth\u00e8ses,&nbsp;partielles ou compl\u00e8tes et sont tr\u00e8s bien \u00e9tudi\u00e9es pour vos besoins et envies.<\/p>\n\n\n\n<p class=\"has-text-align-left\">N<strong>ous vous aidons \u00e9galement pour le remboursement aupr\u00e8s de l&rsquo;assurance maladie ou de l&rsquo;assurance invalidit\u00e9.<\/strong>&nbsp;Nous collaborons avec la caisse des m\u00e9decins pour la facturation directe. <\/p>\n\n\n\n<p class=\"has-text-align-left\">Afin de vous offrir un service de qualit\u00e9, il est toujours&nbsp;pr\u00e9f\u00e9rable de prendre rendez-vous. Mme Isabelle THELIN sp\u00e9cialiste en lingerie m\u00e9dicale depuis plus de 16 ans avec dipl\u00f4me de m\u00e9decine acad\u00e9mique re\u00e7u le 14 avril 2020 vous apportera l&rsquo;accompagnement en lingerie m\u00e9dicale. <\/p>\n\n\n\n<p><strong>ECHANGE OU RETOUR DE LINGERIE MEDICALE <\/strong><\/p>\n\n\n\n<p><strong>Pour des raisons d&rsquo;hygi\u00e8ne et de remboursement d&rsquo;assurance<\/strong>, nous ne reprenons <strong>pas la lingerie m\u00e9dicale apr\u00e8s 10 jours. <\/strong><\/p>\n\n\n\n<p>Dans le cas o\u00f9 la proth\u00e8se vous semble trop lourde ou trop grande, un rendez-vous vous sera propos\u00e9 pour vous accompagner \u00e0 trouver la proth\u00e8se qui convienne mieux \u00e0 votre morphologie et votre quotidien.  <\/p>\n\n\n\n<p>Le soutien-gorge n&rsquo;aura pas \u00e9t\u00e9 port\u00e9 et il aura conserv\u00e9 l&rsquo;\u00e9tiquette. Les slips, culottes ou panty de compression ne sont pas repris. <\/p>\n\n\n\n<p><strong>Pendant les 10 jours<\/strong>, la lingerie m\u00e9dicale peut \u00eatre reprise uniquement avec la facture originale de la caisse des m\u00e9decins. <\/p>\n\n\n\n<p>Nous nous r\u00e9jouissons de vous accueillir pour vous pr\u00e9senter notre large choix de mod\u00e8les.                              <\/p>\n\n\n\n<figure class=\"wp-block-image size-full is-resized is-style-rounded\"><img loading=\"lazy\" decoding=\"async\" width=\"380\" height=\"380\" src=\"https:\/\/dev.rosabelle-lingerie.ch\/wp-content\/uploads\/2022\/11\/s014.jpg\" alt=\"\" class=\"wp-image-4498\" style=\"aspect-ratio:0.8;width:268px;height:auto\" srcset=\"https:\/\/dev.rosabelle-lingerie.ch\/wp-content\/uploads\/2022\/11\/s014.jpg 380w, https:\/\/dev.rosabelle-lingerie.ch\/wp-content\/uploads\/2022\/11\/s014-300x300.jpg 300w, https:\/\/dev.rosabelle-lingerie.ch\/wp-content\/uploads\/2022\/11\/s014-150x150.jpg 150w, https:\/\/dev.rosabelle-lingerie.ch\/wp-content\/uploads\/2022\/11\/s014-100x100.jpg 100w\" sizes=\"auto, (max-width: 380px) 100vw, 380px\" \/><\/figure>\n\n\n\n<h2 class=\"wp-block-heading\">Nous vous attendons !<\/h2>\n","protected":false},"excerpt":{"rendered":"<p>Chaque femme est unique\u2026 sa poitrine aussi&nbsp;! Chez RosaBelle lingerie nous prenons le temps de vous \u00e9couter, d&rsquo;\u00e9couter votre parcours, de vous conseiller au mieux en tenant compte de vos crit\u00e8res. Nous vous proposons deux rendez-vous. Le premier juste apr\u00e8s l&rsquo;op\u00e9ration pour l&rsquo;application de la premi\u00e8re proth\u00e8se textile et du premier soutien-gorge post-op\u00e9ratoire.&nbsp; Le deuxi\u00e8me &hellip; <\/p>\n","protected":false},"author":1,"featured_media":0,"parent":0,"menu_order":0,"comment_status":"closed","ping_status":"closed","template":"","meta":{"footnotes":""},"class_list":["post-2030","page","type-page","status-publish","hentry","latest_post"],"_links":{"self":[{"href":"https:\/\/dev.rosabelle-lingerie.ch\/index.php?rest_route=\/wp\/v2\/pages\/2030","targetHints":{"allow":["GET"]}}],"collection":[{"href":"https:\/\/dev.rosabelle-lingerie.ch\/index.php?rest_route=\/wp\/v2\/pages"}],"about":[{"href":"https:\/\/dev.rosabelle-lingerie.ch\/index.php?rest_route=\/wp\/v2\/types\/page"}],"author":[{"embeddable":true,"href":"https:\/\/dev.rosabelle-lingerie.ch\/index.php?rest_route=\/wp\/v2\/users\/1"}],"replies":[{"embeddable":true,"href":"https:\/\/dev.rosabelle-lingerie.ch\/index.php?rest_route=%2Fwp%2Fv2%2Fcomments&post=2030"}],"version-history":[{"count":28,"href":"https:\/\/dev.rosabelle-lingerie.ch\/index.php?rest_route=\/wp\/v2\/pages\/2030\/revisions"}],"predecessor-version":[{"id":6180,"href":"https:\/\/dev.rosabelle-lingerie.ch\/index.php?rest_route=\/wp\/v2\/pages\/2030\/revisions\/6180"}],"wp:attachment":[{"href":"https:\/\/dev.rosabelle-lingerie.ch\/index.php?rest_route=%2Fwp%2Fv2%2Fmedia&parent=2030"}],"curies":[{"name":"wp","href":"https:\/\/api.w.org\/{rel}","templated":true}]}}