{"id":15,"date":"2020-11-02T14:47:14","date_gmt":"2020-11-02T14:47:14","guid":{"rendered":"https:\/\/build.ernst.technology\/rosabelle-lingerie\/?page_id=15"},"modified":"2025-12-17T09:45:50","modified_gmt":"2025-12-17T08:45:50","slug":"accueil","status":"publish","type":"page","link":"https:\/\/dev.rosabelle-lingerie.ch\/","title":{"rendered":"RosaBelle lingerie vous attend !"},"content":{"rendered":"\n<p>Maillot de bain et lingerie fine et m\u00e9dicale <\/p>\n\n\n\n<figure class=\"wp-block-gallery has-nested-images columns-default is-cropped wp-block-gallery-1 is-layout-flex wp-block-gallery-is-layout-flex\">\n<figure class=\"wp-block-image size-large\"><img loading=\"lazy\" decoding=\"async\" width=\"1024\" height=\"683\" data-id=\"4480\" src=\"https:\/\/dev.rosabelle-lingerie.ch\/wp-content\/uploads\/2021\/10\/5248_612_1348_612_5249_612_1349_612_5292-1-1024x683.jpg\" alt=\"\" class=\"wp-image-4480\" srcset=\"https:\/\/dev.rosabelle-lingerie.ch\/wp-content\/uploads\/2021\/10\/5248_612_1348_612_5249_612_1349_612_5292-1-1024x683.jpg 1024w, https:\/\/dev.rosabelle-lingerie.ch\/wp-content\/uploads\/2021\/10\/5248_612_1348_612_5249_612_1349_612_5292-1-300x200.jpg 300w, https:\/\/dev.rosabelle-lingerie.ch\/wp-content\/uploads\/2021\/10\/5248_612_1348_612_5249_612_1349_612_5292-1-768x512.jpg 768w, https:\/\/dev.rosabelle-lingerie.ch\/wp-content\/uploads\/2021\/10\/5248_612_1348_612_5249_612_1349_612_5292-1-1536x1024.jpg 1536w, https:\/\/dev.rosabelle-lingerie.ch\/wp-content\/uploads\/2021\/10\/5248_612_1348_612_5249_612_1349_612_5292-1-2048x1365.jpg 2048w, https:\/\/dev.rosabelle-lingerie.ch\/wp-content\/uploads\/2021\/10\/5248_612_1348_612_5249_612_1349_612_5292-1-600x400.jpg 600w\" sizes=\"auto, (max-width: 1024px) 100vw, 1024px\" \/><\/figure>\n\n\n\n<figure class=\"wp-block-image size-large\"><img loading=\"lazy\" decoding=\"async\" width=\"842\" height=\"406\" data-id=\"5932\" src=\"https:\/\/dev.rosabelle-lingerie.ch\/wp-content\/uploads\/2025\/01\/image-RosaBelle-2.png\" alt=\"\" class=\"wp-image-5932\" srcset=\"https:\/\/dev.rosabelle-lingerie.ch\/wp-content\/uploads\/2025\/01\/image-RosaBelle-2.png 842w, https:\/\/dev.rosabelle-lingerie.ch\/wp-content\/uploads\/2025\/01\/image-RosaBelle-2-300x145.png 300w, https:\/\/dev.rosabelle-lingerie.ch\/wp-content\/uploads\/2025\/01\/image-RosaBelle-2-768x370.png 768w, https:\/\/dev.rosabelle-lingerie.ch\/wp-content\/uploads\/2025\/01\/image-RosaBelle-2-600x289.png 600w\" sizes=\"auto, (max-width: 842px) 100vw, 842px\" \/><\/figure>\n<\/figure>\n\n\n\n<p><strong>RosaBelle Lingerie fine et m\u00e9dicale&nbsp;<\/strong><\/p>\n\n\n\n<p>Pour accompagner chaque femme qui a \u00e9t\u00e9 touch\u00e9e par la maladie, votre magasin&nbsp;RosaBelle Lingerie, est l\u00e0 pour vous conseiller avec une prise en charge individualis\u00e9e.<\/p>\n\n\n\n<p>Nous sommes\u00a0\u00e0 votre \u00e9coute pour vous conseiller, vous informer et vous accompagner au\u00a0<strong>Boulevard de Perolles 20<\/strong>\u00a0<strong>\u00e0 Fribourg (\u00e0 c\u00f4t\u00e9 de la boulangerie tea-room Bois-Dor\u00e9)<\/strong><\/p>\n\n\n\n<p><strong>Rosa<\/strong><strong>Belle Lingerie<\/strong>&nbsp;accompagne toutes les femmes op\u00e9r\u00e9es de la poitrine avec de la lingerie m\u00e9dicale et d&rsquo;autres types de v\u00eatements et accessoires adapt\u00e9s.&nbsp;<\/p>\n\n\n\n<p>Une consultation m\u00e9dicale avec prise de mesures, dossier m\u00e9dical, facturation par la caisse des m\u00e9decins est factur\u00e9e au prix de chf 70.00 . Votre assurance maladie prendra en charge chf 37.50 \/ 24.02.01.03.1<\/p>\n\n\n\n<p>Chaque ann\u00e9e, l\u2019office de l\u2019assurance invalidit\u00e9 ou l\u2019assurance maladie prend en charge les frais d\u2019une nouvelle proth\u00e8se de sein et d\u2019un nouveau soutien-gorge m\u00e9dical.<\/p>\n\n\n\n<p><strong>Nous vous aidons \u00e9galement pour le remboursement aupr\u00e8s de l&rsquo;assurance maladie et de l&rsquo;assurance invalidit\u00e9.<\/strong><\/p>\n\n\n\n<p>Pour votre premier rendez-vous, il vous suffit de venir avec:&nbsp;<\/p>\n\n\n\n<ul class=\"wp-block-list\">\n<li><strong>votre carte d&rsquo;assurance maladie&nbsp;<\/strong><\/li>\n\n\n\n<li><strong>l&rsquo;ordonnance m\u00e9dicale de votre m\u00e9decin&nbsp;<\/strong><\/li>\n\n\n\n<li><strong>\u00e9ventuellement le document re\u00e7u de l&rsquo;Office AI lors d&rsquo;une derni\u00e8re demande.&nbsp;<\/strong><\/li>\n<\/ul>\n\n\n\n<p>Afin de vous offrir un service de qualit\u00e9,&nbsp; il est toujours&nbsp;pr\u00e9f\u00e9rable de prendre rendez-vous au 079\/790.07.39             <img loading=\"lazy\" decoding=\"async\" width=\"1920\" height=\"1280\" class=\"wp-image-2167\" style=\"width: 400px\" src=\"https:\/\/e38kxakofh.preview.infomaniak.website\/wp-content\/uploads\/2020\/12\/1057X_flatlays_19875_rgb_1920-1.jpg\" alt=\"\" srcset=\"https:\/\/dev.rosabelle-lingerie.ch\/wp-content\/uploads\/2020\/12\/1057X_flatlays_19875_rgb_1920-1.jpg 1920w, https:\/\/dev.rosabelle-lingerie.ch\/wp-content\/uploads\/2020\/12\/1057X_flatlays_19875_rgb_1920-1-300x200.jpg 300w, https:\/\/dev.rosabelle-lingerie.ch\/wp-content\/uploads\/2020\/12\/1057X_flatlays_19875_rgb_1920-1-1024x683.jpg 1024w, https:\/\/dev.rosabelle-lingerie.ch\/wp-content\/uploads\/2020\/12\/1057X_flatlays_19875_rgb_1920-1-768x512.jpg 768w, https:\/\/dev.rosabelle-lingerie.ch\/wp-content\/uploads\/2020\/12\/1057X_flatlays_19875_rgb_1920-1-1536x1024.jpg 1536w, https:\/\/dev.rosabelle-lingerie.ch\/wp-content\/uploads\/2020\/12\/1057X_flatlays_19875_rgb_1920-1-600x400.jpg 600w\" sizes=\"auto, (max-width: 1920px) 100vw, 1920px\" \/><\/p>\n\n\n\n<figure class=\"wp-block-gallery has-nested-images columns-default is-cropped wp-block-gallery-2 is-layout-flex wp-block-gallery-is-layout-flex\">\n<figure class=\"wp-block-image size-large\"><img loading=\"lazy\" decoding=\"async\" width=\"1024\" height=\"819\" data-id=\"5956\" src=\"https:\/\/dev.rosabelle-lingerie.ch\/wp-content\/uploads\/2025\/01\/5_Rosabelle_2-1-1024x819.jpg\" alt=\"\" class=\"wp-image-5956\" srcset=\"https:\/\/dev.rosabelle-lingerie.ch\/wp-content\/uploads\/2025\/01\/5_Rosabelle_2-1-1024x819.jpg 1024w, https:\/\/dev.rosabelle-lingerie.ch\/wp-content\/uploads\/2025\/01\/5_Rosabelle_2-1-300x240.jpg 300w, https:\/\/dev.rosabelle-lingerie.ch\/wp-content\/uploads\/2025\/01\/5_Rosabelle_2-1-768x614.jpg 768w, https:\/\/dev.rosabelle-lingerie.ch\/wp-content\/uploads\/2025\/01\/5_Rosabelle_2-1-1536x1229.jpg 1536w, https:\/\/dev.rosabelle-lingerie.ch\/wp-content\/uploads\/2025\/01\/5_Rosabelle_2-1-2048x1638.jpg 2048w, https:\/\/dev.rosabelle-lingerie.ch\/wp-content\/uploads\/2025\/01\/5_Rosabelle_2-1-600x480.jpg 600w\" sizes=\"auto, (max-width: 1024px) 100vw, 1024px\" \/><\/figure>\n<\/figure>\n","protected":false},"excerpt":{"rendered":"<p>Maillot de bain et lingerie fine et m\u00e9dicale RosaBelle Lingerie fine et m\u00e9dicale&nbsp; Pour accompagner chaque femme qui a \u00e9t\u00e9 touch\u00e9e par la maladie, votre magasin&nbsp;RosaBelle Lingerie, est l\u00e0 pour vous conseiller avec une prise en charge individualis\u00e9e. Nous sommes\u00a0\u00e0 votre \u00e9coute pour vous conseiller, vous informer et vous accompagner au\u00a0Boulevard de Perolles 20\u00a0\u00e0 Fribourg &hellip; <\/p>\n","protected":false},"author":1,"featured_media":0,"parent":0,"menu_order":0,"comment_status":"closed","ping_status":"closed","template":"","meta":{"footnotes":""},"class_list":["post-15","page","type-page","status-publish","hentry","latest_post"],"_links":{"self":[{"href":"https:\/\/dev.rosabelle-lingerie.ch\/index.php?rest_route=\/wp\/v2\/pages\/15","targetHints":{"allow":["GET"]}}],"collection":[{"href":"https:\/\/dev.rosabelle-lingerie.ch\/index.php?rest_route=\/wp\/v2\/pages"}],"about":[{"href":"https:\/\/dev.rosabelle-lingerie.ch\/index.php?rest_route=\/wp\/v2\/types\/page"}],"author":[{"embeddable":true,"href":"https:\/\/dev.rosabelle-lingerie.ch\/index.php?rest_route=\/wp\/v2\/users\/1"}],"replies":[{"embeddable":true,"href":"https:\/\/dev.rosabelle-lingerie.ch\/index.php?rest_route=%2Fwp%2Fv2%2Fcomments&post=15"}],"version-history":[{"count":18,"href":"https:\/\/dev.rosabelle-lingerie.ch\/index.php?rest_route=\/wp\/v2\/pages\/15\/revisions"}],"predecessor-version":[{"id":6478,"href":"https:\/\/dev.rosabelle-lingerie.ch\/index.php?rest_route=\/wp\/v2\/pages\/15\/revisions\/6478"}],"wp:attachment":[{"href":"https:\/\/dev.rosabelle-lingerie.ch\/index.php?rest_route=%2Fwp%2Fv2%2Fmedia&parent=15"}],"curies":[{"name":"wp","href":"https:\/\/api.w.org\/{rel}","templated":true}]}}